{"id":56126,"date":"2019-04-26T16:46:27","date_gmt":"2019-04-26T14:46:27","guid":{"rendered":"http:\/\/rbk-lineaire.fr\/?page_id=56126"},"modified":"2020-08-06T14:30:30","modified_gmt":"2020-08-06T12:30:30","slug":"politique-de-confidentialite-2","status":"publish","type":"page","link":"https:\/\/rbk-lineaire.fr\/index.php\/politique-de-confidentialite-2\/","title":{"rendered":"POLITIQUE DE CONFIDENTIALIT\u00c9"},"content":{"rendered":"<p>[vc_row][vc_column][vc_column_text]<\/p>\n<h3>La confidentialit\u00e9 et la s\u00e9curit\u00e9 de vos informations personnelles sont une pr\u00e9occupation l\u00e9gitime.<\/h3>\n<p>C\u2019est pourquoi nous nous engageons \u00e0 vous offrir le plus haut degr\u00e9 de confidentialit\u00e9 et de s\u00e9curit\u00e9.<\/p>\n<p>&nbsp;<\/p>\n<h2>Quand collectons-nous des donn\u00e9es ?<\/h2>\n<p>Nous collectons les informations (liste non exhaustive) que vous nous fournissez notamment quand :<\/p>\n<ul>\n<li>vous vous inscrivez \u00e0 notre newsletter<\/li>\n<li>vous faites une demande de catalogue<\/li>\n<li>vous naviguez sur nos sites et consultez des produits<\/li>\n<li>vous r\u00e9digez un avis<\/li>\n<\/ul>\n<ul>\n<li>Nous collectons et traitons notamment vos noms, adresse, adresse email, mot de passe, num\u00e9ro de t\u00e9l\u00e9phone, adresse IP, donn\u00e9es de connexions et donn\u00e9es de navigation, historiques de commandes, pr\u00e9f\u00e9rences et centres d\u2019int\u00e9r\u00eats, produits consult\u00e9s, incidents de livraisons, r\u00e9clamations.<\/li>\n<li>Nous effectuons \u00e9galement des mesures d\u2019audience, nous mesurons par exemple le nombre de pages vues, le nombre de visites du site, ainsi que l\u2019activit\u00e9 des visiteurs sur le site et leur fr\u00e9quence de retour.<\/li>\n<\/ul>\n<h2>Quelles sont les finalit\u00e9s des donn\u00e9es exploit\u00e9es ?<\/h2>\n<ul>\n<li>Suivi de la relation commerciale avec vous : produit et\/ou service achet\u00e9, quantit\u00e9, montant, , adresse(s) de livraison et\/ou de facturation, num\u00e9ro de t\u00e9l\u00e9phone, digicode, ainsi que toute autre information pertinente ou indispensable sur la livraison (num\u00e9ros de suivi, statut de l\u2019envoi, etc.) historique des achats et des prestations de services, retour des produits, correspondances et\/ou \u00e9changes t\u00e9l\u00e9phoniques ou autres types de correspondances avec vous et notre service apr\u00e8s-vente, personne(s) en charge de la relation client, comptabilit\u00e9 etc.<\/li>\n<li>Personnalisation de votre exp\u00e9rience sur nos sites Web<\/li>\n<li>Am\u00e9lioration des services qui vous sont propos\u00e9s<\/li>\n<li>Campagnes emailing et personnalisations des offres<\/li>\n<\/ul>\n<h2>Destinataires des donn\u00e9es<\/h2>\n<ul>\n<li>Les donn\u00e9es collect\u00e9es sur le site et application de RBK &#8211; ROULEMENTS BEARINGS KUGELLAGER sont exclusivement destin\u00e9es a RBK &#8211; ROULEMENTS BEARINGS KUGELLAGER<\/li>\n<\/ul>\n<h2>Pendant combien de temps vos Donn\u00e9es Personnelles sont-elles conserv\u00e9es<\/h2>\n<p>Les informations et donn\u00e9es vous concernant sont n\u00e9cessaires et indispensable \u00e0 la gestion de votre commande et \u00e0 nos relations commerciales ou toutes autres interactions. Ces informations seront conserv\u00e9es pour une dur\u00e9e variable en fonction de leur nature dans le respect de nos obligations l\u00e9gales et r\u00e9glementaires (paiement, garantie, litige \u2026) ou le temps n\u00e9cessaire pour remplir l\u2019objectif pour lequel les donn\u00e9es ont \u00e9t\u00e9 collect\u00e9es.<\/p>\n<p><strong>Les types de donn\u00e9es concern\u00e9es sont :<\/strong><\/p>\n<ul>\n<li>Les donn\u00e9es portant sur la mesure d&rsquo;audience et donn\u00e9es de fr\u00e9quentation brutes du Site<\/li>\n<li>Vos Donn\u00e9es Personnelles (nom, pr\u00e9nom, produit ou service, adresse de livraison, de facturation, email etc.).<\/li>\n<\/ul>\n<h2>Vos droits<\/h2>\n<p>Vous disposez d\u2019un droit d\u2019interrogation, d\u2019acc\u00e8s, de rectification, de modification, de suppression et d\u2019opposition des informations nominatives collect\u00e9es vous concernant.<\/p>\n<p>&nbsp;<\/p>\n<p>Vous pourrez vous opposer, interroger, rectifier, modifier, supprimer par le biais de \u00ab Mon Compte \u00bb sur le webshop ou nous contacter :<\/p>\n<ul>\n<li>Par t\u00e9l\u00e9phone : +33 01 61 04 46 46<\/li>\n<li>en envoyant un courrier \u00e0 l&rsquo;adresse suivante :<\/li>\n<\/ul>\n<p>RBK &#8211; ROULEMENTS BEARINGS KUGELLAGER<br \/>\nParc d\u2019activit\u00e9 Claude Monet<br \/>\n3 rue Maurice Leblanc<br \/>\n78290 Croissy sur Seine<br \/>\nFrance<\/p>\n<ul>\n<li>ou par email <a href=\"mailto:contact@rbk.fr\" target=\"_blank\" rel=\"noopener noreferrer\">contact@rbk.fr<\/a><\/li>\n<\/ul>\n<h3>Comment accepter ou refuser les cookies ?<\/h3>\n<p>En continuant votre navigation sur notre site, vous vous engagez \u00e0 accepter l\u2019utilisation des cookies.<br \/>\nLa rubrique \u00ab Aide \u00bb des navigateurs vous indique comment param\u00e9trer et d\u00e9sactiver les cookies.<\/p>\n<p>Pour plus d&rsquo;informations sur les cookies, visitez\u00a0<a href=\"http:\/\/www.cnil.fr\/vos-obligations\/sites-web-cookies-et-autres-traceurs\/que-dit-la-loi\/\" target=\"_blank\" rel=\"noopener noreferrer\">le site de la CNIL<\/a>.<\/p>\n<p>&nbsp;<\/p>\n<p>&nbsp;<\/p>\n<p>[\/vc_column_text][\/vc_column][\/vc_row]<\/p>\n","protected":false},"excerpt":{"rendered":"<p>[vc_row][vc_column][vc_column_text] La confidentialit\u00e9 et la s\u00e9curit\u00e9 de vos informations personnelles sont une pr\u00e9occupation l\u00e9gitime. C\u2019est pourquoi nous nous engageons \u00e0 vous offrir le plus haut degr\u00e9 de confidentialit\u00e9 et de s\u00e9curit\u00e9. &nbsp; Quand collectons-nous des donn\u00e9es ? Nous collectons les informations (liste non exhaustive) que vous nous fournissez notamment quand : vous vous inscrivez \u00e0&hellip;<\/p>\n","protected":false},"author":1,"featured_media":0,"parent":0,"menu_order":0,"comment_status":"closed","ping_status":"closed","template":"","meta":{"footnotes":""},"class_list":["post-56126","page","type-page","status-publish","hentry","description-off"],"yoast_head":"<!-- This site is optimized with the Yoast SEO Premium plugin v26.5 (Yoast SEO v27.4) - https:\/\/yoast.com\/product\/yoast-seo-premium-wordpress\/ -->\n<title>POLITIQUE DE CONFIDENTIALIT\u00c9 - RBK Lin\u00e9aire<\/title>\n<meta name=\"robots\" content=\"index, follow, max-snippet:-1, max-image-preview:large, max-video-preview:-1\" \/>\n<link rel=\"canonical\" href=\"https:\/\/rbk-lineaire.fr\/index.php\/politique-de-confidentialite-2\/\" \/>\n<meta property=\"og:locale\" content=\"fr_FR\" \/>\n<meta property=\"og:type\" content=\"article\" \/>\n<meta property=\"og:title\" content=\"POLITIQUE DE CONFIDENTIALIT\u00c9\" \/>\n<meta property=\"og:description\" content=\"[vc_row][vc_column][vc_column_text] La confidentialit\u00e9 et la s\u00e9curit\u00e9 de vos informations personnelles sont une pr\u00e9occupation l\u00e9gitime. C\u2019est pourquoi nous nous engageons \u00e0 vous offrir le plus haut degr\u00e9 de confidentialit\u00e9 et de s\u00e9curit\u00e9. &nbsp; Quand collectons-nous des donn\u00e9es ? Nous collectons les informations (liste non exhaustive) que vous nous fournissez notamment quand : vous vous inscrivez \u00e0&hellip;\" \/>\n<meta property=\"og:url\" content=\"https:\/\/rbk-lineaire.fr\/index.php\/politique-de-confidentialite-2\/\" \/>\n<meta property=\"og:site_name\" content=\"RBK Lin\u00e9aire\" \/>\n<meta property=\"article:publisher\" content=\"https:\/\/www.facebook.com\/RBKRoulements\/\" \/>\n<meta property=\"article:modified_time\" content=\"2020-08-06T12:30:30+00:00\" \/>\n<meta name=\"twitter:card\" content=\"summary_large_image\" \/>\n<meta name=\"twitter:label1\" content=\"Dur\u00e9e de lecture estim\u00e9e\" \/>\n\t<meta name=\"twitter:data1\" content=\"3 minutes\" \/>\n<script type=\"application\/ld+json\" class=\"yoast-schema-graph\">{\"@context\":\"https:\\\/\\\/schema.org\",\"@graph\":[{\"@type\":\"WebPage\",\"@id\":\"https:\\\/\\\/rbk-lineaire.fr\\\/index.php\\\/politique-de-confidentialite-2\\\/\",\"url\":\"https:\\\/\\\/rbk-lineaire.fr\\\/index.php\\\/politique-de-confidentialite-2\\\/\",\"name\":\"POLITIQUE DE CONFIDENTIALIT\u00c9 - RBK Lin\u00e9aire\",\"isPartOf\":{\"@id\":\"https:\\\/\\\/rbk-lineaire.fr\\\/#website\"},\"datePublished\":\"2019-04-26T14:46:27+00:00\",\"dateModified\":\"2020-08-06T12:30:30+00:00\",\"breadcrumb\":{\"@id\":\"https:\\\/\\\/rbk-lineaire.fr\\\/index.php\\\/politique-de-confidentialite-2\\\/#breadcrumb\"},\"inLanguage\":\"fr-FR\",\"potentialAction\":[{\"@type\":\"ReadAction\",\"target\":[\"https:\\\/\\\/rbk-lineaire.fr\\\/index.php\\\/politique-de-confidentialite-2\\\/\"]}]},{\"@type\":\"BreadcrumbList\",\"@id\":\"https:\\\/\\\/rbk-lineaire.fr\\\/index.php\\\/politique-de-confidentialite-2\\\/#breadcrumb\",\"itemListElement\":[{\"@type\":\"ListItem\",\"position\":1,\"name\":\"Accueil\",\"item\":\"https:\\\/\\\/rbk-lineaire.fr\\\/\"},{\"@type\":\"ListItem\",\"position\":2,\"name\":\"POLITIQUE DE CONFIDENTIALIT\u00c9\"}]},{\"@type\":\"WebSite\",\"@id\":\"https:\\\/\\\/rbk-lineaire.fr\\\/#website\",\"url\":\"https:\\\/\\\/rbk-lineaire.fr\\\/\",\"name\":\"RBK Lin\u00e9aire\",\"description\":\"Site vitrine de tous types de guidage lin\u00e9aire\",\"publisher\":{\"@id\":\"https:\\\/\\\/rbk-lineaire.fr\\\/#organization\"},\"potentialAction\":[{\"@type\":\"SearchAction\",\"target\":{\"@type\":\"EntryPoint\",\"urlTemplate\":\"https:\\\/\\\/rbk-lineaire.fr\\\/?s={search_term_string}\"},\"query-input\":{\"@type\":\"PropertyValueSpecification\",\"valueRequired\":true,\"valueName\":\"search_term_string\"}}],\"inLanguage\":\"fr-FR\"},{\"@type\":\"Organization\",\"@id\":\"https:\\\/\\\/rbk-lineaire.fr\\\/#organization\",\"name\":\"RBK Lin\u00e9aire\",\"url\":\"https:\\\/\\\/rbk-lineaire.fr\\\/\",\"logo\":{\"@type\":\"ImageObject\",\"inLanguage\":\"fr-FR\",\"@id\":\"https:\\\/\\\/rbk-lineaire.fr\\\/#\\\/schema\\\/logo\\\/image\\\/\",\"url\":\"https:\\\/\\\/rbk-lineaire.fr\\\/wp-content\\\/uploads\\\/2019\\\/04\\\/RBK-LINEAIRE-LOGOx152.png\",\"contentUrl\":\"https:\\\/\\\/rbk-lineaire.fr\\\/wp-content\\\/uploads\\\/2019\\\/04\\\/RBK-LINEAIRE-LOGOx152.png\",\"width\":109,\"height\":152,\"caption\":\"RBK Lin\u00e9aire\"},\"image\":{\"@id\":\"https:\\\/\\\/rbk-lineaire.fr\\\/#\\\/schema\\\/logo\\\/image\\\/\"},\"sameAs\":[\"https:\\\/\\\/www.facebook.com\\\/RBKRoulements\\\/\",\"https:\\\/\\\/www.linkedin.com\\\/company\\\/rbk-roulement\\\/\"]}]}<\/script>\n<!-- \/ Yoast SEO Premium plugin. -->","yoast_head_json":{"title":"POLITIQUE DE CONFIDENTIALIT\u00c9 - RBK Lin\u00e9aire","robots":{"index":"index","follow":"follow","max-snippet":"max-snippet:-1","max-image-preview":"max-image-preview:large","max-video-preview":"max-video-preview:-1"},"canonical":"https:\/\/rbk-lineaire.fr\/index.php\/politique-de-confidentialite-2\/","og_locale":"fr_FR","og_type":"article","og_title":"POLITIQUE DE CONFIDENTIALIT\u00c9","og_description":"[vc_row][vc_column][vc_column_text] La confidentialit\u00e9 et la s\u00e9curit\u00e9 de vos informations personnelles sont une pr\u00e9occupation l\u00e9gitime. C\u2019est pourquoi nous nous engageons \u00e0 vous offrir le plus haut degr\u00e9 de confidentialit\u00e9 et de s\u00e9curit\u00e9. &nbsp; Quand collectons-nous des donn\u00e9es ? Nous collectons les informations (liste non exhaustive) que vous nous fournissez notamment quand : vous vous inscrivez \u00e0&hellip;","og_url":"https:\/\/rbk-lineaire.fr\/index.php\/politique-de-confidentialite-2\/","og_site_name":"RBK Lin\u00e9aire","article_publisher":"https:\/\/www.facebook.com\/RBKRoulements\/","article_modified_time":"2020-08-06T12:30:30+00:00","twitter_card":"summary_large_image","twitter_misc":{"Dur\u00e9e de lecture estim\u00e9e":"3 minutes"},"schema":{"@context":"https:\/\/schema.org","@graph":[{"@type":"WebPage","@id":"https:\/\/rbk-lineaire.fr\/index.php\/politique-de-confidentialite-2\/","url":"https:\/\/rbk-lineaire.fr\/index.php\/politique-de-confidentialite-2\/","name":"POLITIQUE DE CONFIDENTIALIT\u00c9 - RBK Lin\u00e9aire","isPartOf":{"@id":"https:\/\/rbk-lineaire.fr\/#website"},"datePublished":"2019-04-26T14:46:27+00:00","dateModified":"2020-08-06T12:30:30+00:00","breadcrumb":{"@id":"https:\/\/rbk-lineaire.fr\/index.php\/politique-de-confidentialite-2\/#breadcrumb"},"inLanguage":"fr-FR","potentialAction":[{"@type":"ReadAction","target":["https:\/\/rbk-lineaire.fr\/index.php\/politique-de-confidentialite-2\/"]}]},{"@type":"BreadcrumbList","@id":"https:\/\/rbk-lineaire.fr\/index.php\/politique-de-confidentialite-2\/#breadcrumb","itemListElement":[{"@type":"ListItem","position":1,"name":"Accueil","item":"https:\/\/rbk-lineaire.fr\/"},{"@type":"ListItem","position":2,"name":"POLITIQUE DE CONFIDENTIALIT\u00c9"}]},{"@type":"WebSite","@id":"https:\/\/rbk-lineaire.fr\/#website","url":"https:\/\/rbk-lineaire.fr\/","name":"RBK Lin\u00e9aire","description":"Site vitrine de tous types de guidage lin\u00e9aire","publisher":{"@id":"https:\/\/rbk-lineaire.fr\/#organization"},"potentialAction":[{"@type":"SearchAction","target":{"@type":"EntryPoint","urlTemplate":"https:\/\/rbk-lineaire.fr\/?s={search_term_string}"},"query-input":{"@type":"PropertyValueSpecification","valueRequired":true,"valueName":"search_term_string"}}],"inLanguage":"fr-FR"},{"@type":"Organization","@id":"https:\/\/rbk-lineaire.fr\/#organization","name":"RBK Lin\u00e9aire","url":"https:\/\/rbk-lineaire.fr\/","logo":{"@type":"ImageObject","inLanguage":"fr-FR","@id":"https:\/\/rbk-lineaire.fr\/#\/schema\/logo\/image\/","url":"https:\/\/rbk-lineaire.fr\/wp-content\/uploads\/2019\/04\/RBK-LINEAIRE-LOGOx152.png","contentUrl":"https:\/\/rbk-lineaire.fr\/wp-content\/uploads\/2019\/04\/RBK-LINEAIRE-LOGOx152.png","width":109,"height":152,"caption":"RBK Lin\u00e9aire"},"image":{"@id":"https:\/\/rbk-lineaire.fr\/#\/schema\/logo\/image\/"},"sameAs":["https:\/\/www.facebook.com\/RBKRoulements\/","https:\/\/www.linkedin.com\/company\/rbk-roulement\/"]}]}},"_links":{"self":[{"href":"https:\/\/rbk-lineaire.fr\/index.php\/wp-json\/wp\/v2\/pages\/56126","targetHints":{"allow":["GET"]}}],"collection":[{"href":"https:\/\/rbk-lineaire.fr\/index.php\/wp-json\/wp\/v2\/pages"}],"about":[{"href":"https:\/\/rbk-lineaire.fr\/index.php\/wp-json\/wp\/v2\/types\/page"}],"author":[{"embeddable":true,"href":"https:\/\/rbk-lineaire.fr\/index.php\/wp-json\/wp\/v2\/users\/1"}],"replies":[{"embeddable":true,"href":"https:\/\/rbk-lineaire.fr\/index.php\/wp-json\/wp\/v2\/comments?post=56126"}],"version-history":[{"count":3,"href":"https:\/\/rbk-lineaire.fr\/index.php\/wp-json\/wp\/v2\/pages\/56126\/revisions"}],"predecessor-version":[{"id":57146,"href":"https:\/\/rbk-lineaire.fr\/index.php\/wp-json\/wp\/v2\/pages\/56126\/revisions\/57146"}],"wp:attachment":[{"href":"https:\/\/rbk-lineaire.fr\/index.php\/wp-json\/wp\/v2\/media?parent=56126"}],"curies":[{"name":"wp","href":"https:\/\/api.w.org\/{rel}","templated":true}]}}