{"id":56290,"date":"2019-09-18T11:54:06","date_gmt":"2019-09-18T09:54:06","guid":{"rendered":"http:\/\/rbk-lineaire.fr\/?page_id=56290"},"modified":"2023-02-03T10:28:16","modified_gmt":"2023-02-03T09:28:16","slug":"arbres","status":"publish","type":"page","link":"https:\/\/rbk-lineaire.fr\/index.php\/arbres\/","title":{"rendered":"ARBRES ET DOUILLES"},"content":{"rendered":"<p>[vc_row full_width=\u00a0\u00bbstretch_row\u00a0\u00bb gap=\u00a0\u00bb35&Prime; full_height=\u00a0\u00bbyes\u00a0\u00bb columns_placement=\u00a0\u00bbstretch\u00a0\u00bb equal_height=\u00a0\u00bbyes\u00a0\u00bb content_placement=\u00a0\u00bbmiddle\u00a0\u00bb css=\u00a0\u00bb.vc_custom_1490271551285{margin-top: 0px !important;margin-bottom: 0px !important;padding-top: 0px !important;padding-bottom: 0px !important;background-image: url(https:\/\/rbk-lineaire.fr\/wp-content\/uploads\/2019\/09\/arbres.jpg?id=56390) !important;background-position: center !important;background-repeat: no-repeat !important;background-size: cover !important;}\u00a0\u00bb][vc_column width=\u00a0\u00bb1\/4&Prime; css=\u00a0\u00bb.vc_custom_1490271565380{margin-top: 0px !important;margin-bottom: 0px !important;padding-top: 0px !important;padding-bottom: 0px !important;}\u00a0\u00bb][\/vc_column][vc_column width=\u00a0\u00bb1\/2&Prime; css=\u00a0\u00bb.vc_custom_1569247605847{margin-top: 0px !important;margin-bottom: 0px !important;padding-right: 50px !important;padding-left: 50px !important;background-color: rgba(155,153,144,0.8) !important;*background-color: rgb(155,153,144) !important;}\u00a0\u00bb][vc_custom_heading text=\u00a0\u00bbArbres\u00a0\u00bb font_container=\u00a0\u00bbtag:h2|font_size:60|text_align:left|color:%23ffffff\u00a0\u00bb google_fonts=\u00a0\u00bbfont_family:Montserrat%3Aregular%2C700|font_style:400%20regular%3A400%3Anormal\u00a0\u00bb][vc_column_text 0=\u00a0\u00bb\u00a0\u00bb]<span style=\"color: #ffffff;\">Arbres de pr\u00e9cision en acier tremp\u00e9-revenu dans la qualit\u00e9 roulement et stock\u00e9 en dimensions m\u00e9triques.<br \/>\nLa qualit\u00e9 et la mati\u00e8re de nos arbres vous garantissent une grande pr\u00e9cision de forme et de dimensions ( circularit\u00e9 et parall\u00e9lisme ).<br \/>\nDuret\u00e9 superficielle 59HRC<br \/>\nDisponible sur stock en version acier tremp\u00e9, inox et chrom\u00e9.<br \/>\nNous r\u00e9alisons les coupes et chanfreins ainsi que tous les usinages suivant vos plans.<\/span>[\/vc_column_text][\/vc_column][vc_column width=\u00a0\u00bb1\/4&Prime; css=\u00a0\u00bb.vc_custom_1490271557584{margin-top: 0px !important;margin-bottom: 0px !important;padding-top: 0px !important;padding-bottom: 0px !important;}\u00a0\u00bb][\/vc_column][\/vc_row][vc_row][vc_column][vc_empty_space][\/vc_column][\/vc_row][vc_row][vc_column][vc_empty_space][\/vc_column][\/vc_row][vc_row][vc_column width=\u00a0\u00bb1\/4&Prime;][vc_single_image image=\u00a0\u00bb56424&Prime; img_size=\u00a0\u00bb220&#215;220&Prime; alignment=\u00a0\u00bbcenter\u00a0\u00bb style=\u00a0\u00bbvc_box_rounded\u00a0\u00bb][\/vc_column][vc_column width=\u00a0\u00bb1\/4&Prime;][vc_single_image image=\u00a0\u00bb56542&Prime; img_size=\u00a0\u00bb220&#215;220&Prime; alignment=\u00a0\u00bbcenter\u00a0\u00bb style=\u00a0\u00bbvc_box_rounded\u00a0\u00bb][\/vc_column][vc_column width=\u00a0\u00bb1\/4&Prime;][vc_single_image image=\u00a0\u00bb56423&Prime; img_size=\u00a0\u00bb220&#215;220&Prime; alignment=\u00a0\u00bbcenter\u00a0\u00bb style=\u00a0\u00bbvc_box_rounded\u00a0\u00bb][\/vc_column][vc_column width=\u00a0\u00bb1\/4&Prime;][vc_single_image image=\u00a0\u00bb56551&Prime; img_size=\u00a0\u00bb220&#215;220&Prime; alignment=\u00a0\u00bbcenter\u00a0\u00bb style=\u00a0\u00bbvc_box_rounded\u00a0\u00bb][\/vc_column][\/vc_row][vc_row][vc_column][vc_empty_space][\/vc_column][\/vc_row][vc_row][vc_column][vc_column_text]Vous avez besoins de plus d\u2019informations ?<a href=\"http:\/\/rbk-lineaire.fr\/index.php\/pages\/contact\/contact\/\" target=\"_blank\" rel=\"noopener noreferrer\"> Contactez nous<\/a>[\/vc_column_text][\/vc_column][\/vc_row][vc_row][vc_column][vc_empty_space][\/vc_column][\/vc_row][vc_row][vc_column width=\u00a0\u00bb1\/4&Prime;][vc_single_image image=\u00a0\u00bb57318&Prime; img_size=\u00a0\u00bb200*150&Prime; alignment=\u00a0\u00bbcenter\u00a0\u00bb][\/vc_column][vc_column width=\u00a0\u00bb1\/4&Prime;][vc_single_image image=\u00a0\u00bb56108&Prime; img_size=\u00a0\u00bb200*150&Prime; alignment=\u00a0\u00bbcenter\u00a0\u00bb][\/vc_column][vc_column width=\u00a0\u00bb1\/4&Prime;][\/vc_column][vc_column width=\u00a0\u00bb1\/4&Prime;][\/vc_column][\/vc_row][vc_row][vc_column][vc_empty_space][\/vc_column][\/vc_row][vc_row][vc_column width=\u00a0\u00bb1\/2&Prime;][vc_hoverbox image=\u00a0\u00bb56305&Prime; primary_title=\u00a0\u00bb\u00a0\u00bb hover_title=\u00a0\u00bb\u00a0\u00bb shape=\u00a0\u00bbsquare\u00a0\u00bb el_width=\u00a0\u00bb30&Prime;]<a href=\"https:\/\/www.schaeffler.fr\/content.schaeffler.fr\/fr\/news_media\/media_library\/index.jsp?filter=searchString:arbre%20douilles&amp;tab=mediathek-pub&amp;uid=3322117&amp;subfilter=app:dc;language-vid:446;language-pub:all;mediatyp-pub:all;referencetyp-pub:0\" target=\"_blank\" rel=\"noopener noreferrer\">Retrouvez la gamme compl\u00e8te de notre partenaire principal<\/a>[\/vc_hoverbox][\/vc_column][vc_column width=\u00a0\u00bb1\/2&Prime;][vc_hoverbox image=\u00a0\u00bb56902&Prime; primary_title=\u00a0\u00bb\u00a0\u00bb hover_title=\u00a0\u00bb\u00a0\u00bb shape=\u00a0\u00bbsquare\u00a0\u00bb el_width=\u00a0\u00bb30&Prime;]<a href=\"https:\/\/rbk-lineaire.fr\/wp-content\/uploads\/2020\/04\/NIPPONBEARING-arbres.pdf\" target=\"_blank\" rel=\"noopener noreferrer\">Voir le catalogue arbres de notre partenaire Nippon Bearing<\/a>[\/vc_hoverbox][\/vc_column][\/vc_row][vc_row][vc_column width=\u00a0\u00bb1\/2&Prime;][vc_hoverbox image=\u00a0\u00bb56508&Prime; primary_title=\u00a0\u00bb\u00a0\u00bb hover_title=\u00a0\u00bb\u00a0\u00bb shape=\u00a0\u00bbsquare\u00a0\u00bb el_width=\u00a0\u00bb30&Prime;]<a href=\"https:\/\/rbk-lineaire.fr\/wp-content\/uploads\/2020\/01\/cdc-lineaire.pdf\" target=\"_blank\" rel=\"noopener noreferrer\">T\u00e9l\u00e9charger notre cahier des charges guidage<\/a>[\/vc_hoverbox][\/vc_column][vc_column width=\u00a0\u00bb1\/2&Prime;][\/vc_column][\/vc_row][vc_row full_width=\u00a0\u00bbstretch_row\u00a0\u00bb gap=\u00a0\u00bb35&Prime; full_height=\u00a0\u00bbyes\u00a0\u00bb columns_placement=\u00a0\u00bbstretch\u00a0\u00bb equal_height=\u00a0\u00bbyes\u00a0\u00bb content_placement=\u00a0\u00bbmiddle\u00a0\u00bb css=\u00a0\u00bb.vc_custom_1490271551285{margin-top: 0px !important;margin-bottom: 0px !important;padding-top: 0px !important;padding-bottom: 0px !important;background-image: url(https:\/\/rbk-lineaire.fr\/wp-content\/uploads\/2019\/09\/arbres.jpg?id=56390) !important;background-position: center !important;background-repeat: no-repeat !important;background-size: cover !important;}\u00a0\u00bb][vc_column width=\u00a0\u00bb1\/4&Prime; css=\u00a0\u00bb.vc_custom_1490271565380{margin-top: 0px !important;margin-bottom: 0px !important;padding-top: 0px !important;padding-bottom: 0px !important;}\u00a0\u00bb][\/vc_column][vc_column width=\u00a0\u00bb1\/2&Prime; css=\u00a0\u00bb.vc_custom_1569247605847{margin-top: 0px !important;margin-bottom: 0px !important;padding-right: 50px !important;padding-left: 50px !important;background-color: rgba(155,153,144,0.8) !important;*background-color: rgb(155,153,144) !important;}\u00a0\u00bb][vc_custom_heading text=\u00a0\u00bbDouilles \u00e0 billes\u00a0\u00bb font_container=\u00a0\u00bbtag:h2|font_size:60|text_align:left|color:%23ffffff\u00a0\u00bb google_fonts=\u00a0\u00bbfont_family:Montserrat%3Aregular%2C700|font_style:400%20regular%3A400%3Anormal\u00a0\u00bb][vc_column_text 0=\u00a0\u00bb\u00a0\u00bb]<span style=\"color: #ffffff;\">Les roulements lin\u00e9aires ou douilles \u00e0 billes sont des composants m\u00e9caniques standardis\u00e9s, ISO s\u00e9rie 1 et ISO s\u00e9rie 3 pour l\u2019Europe.<br \/>\nIl existe une norme pour l\u2019Asie, ainsi que des douilles en c\u00f4tes pouces.<br \/>\nLa gamme est disponible avec ou sans joint d\u2019\u00e9tanch\u00e9it\u00e9, en version standard et ouverte ainsi qu\u2019en version anticorrosion. Les conceptions segmentaires sont autoalignantes<\/span>[\/vc_column_text][\/vc_column][vc_column width=\u00a0\u00bb1\/4&Prime; css=\u00a0\u00bb.vc_custom_1490271557584{margin-top: 0px !important;margin-bottom: 0px !important;padding-top: 0px !important;padding-bottom: 0px !important;}\u00a0\u00bb][\/vc_column][\/vc_row][vc_row][vc_column][vc_empty_space][\/vc_column][\/vc_row][vc_row][vc_column][vc_empty_space][\/vc_column][\/vc_row][vc_row][vc_column width=\u00a0\u00bb1\/4&Prime;][vc_single_image image=\u00a0\u00bb56548&Prime; img_size=\u00a0\u00bb220&#215;220&Prime; alignment=\u00a0\u00bbcenter\u00a0\u00bb style=\u00a0\u00bbvc_box_rounded\u00a0\u00bb][\/vc_column][vc_column width=\u00a0\u00bb1\/4&Prime;][vc_single_image image=\u00a0\u00bb56533&Prime; img_size=\u00a0\u00bbmedium\u00a0\u00bb][\/vc_column][vc_column width=\u00a0\u00bb1\/4&Prime;][vc_single_image image=\u00a0\u00bb56546&Prime; img_size=\u00a0\u00bbmedium\u00a0\u00bb][\/vc_column][vc_column width=\u00a0\u00bb1\/4&Prime;][vc_single_image image=\u00a0\u00bb56545&Prime; img_size=\u00a0\u00bbmedium\u00a0\u00bb][\/vc_column][\/vc_row][vc_row][vc_column][vc_empty_space][\/vc_column][\/vc_row][vc_row][vc_column][vc_column_text]<strong>Objectif : guider et supporter une charge en diminuant le frottement gr\u00e2ce aux billes.<\/strong><\/p>\n<p>La gamme INA est disponible sur stock. Sur demande nous fournissons les paliers en aluminium.[\/vc_column_text][\/vc_column][\/vc_row][vc_row][vc_column][vc_empty_space][\/vc_column][\/vc_row][vc_row][vc_column width=\u00a0\u00bb1\/4&Prime;][vc_single_image image=\u00a0\u00bb56111&Prime; img_size=\u00a0\u00bb200*150&Prime; alignment=\u00a0\u00bbcenter\u00a0\u00bb][\/vc_column][vc_column width=\u00a0\u00bb1\/4&Prime;][vc_single_image image=\u00a0\u00bb56108&Prime; img_size=\u00a0\u00bb200*150&Prime; alignment=\u00a0\u00bbcenter\u00a0\u00bb][\/vc_column][vc_column width=\u00a0\u00bb1\/4&Prime;][vc_single_image image=\u00a0\u00bb56109&Prime; img_size=\u00a0\u00bb200*150&Prime; alignment=\u00a0\u00bbcenter\u00a0\u00bb][\/vc_column][vc_column width=\u00a0\u00bb1\/4&Prime;][\/vc_column][\/vc_row][vc_row][vc_column][vc_empty_space][\/vc_column][\/vc_row][vc_row][vc_column width=\u00a0\u00bb1\/2&Prime;][vc_hoverbox image=\u00a0\u00bb56305&Prime; primary_title=\u00a0\u00bb\u00a0\u00bb hover_title=\u00a0\u00bb\u00a0\u00bb shape=\u00a0\u00bbsquare\u00a0\u00bb el_width=\u00a0\u00bb30&Prime;]<a href=\"https:\/\/www.schaeffler.fr\/content.schaeffler.fr\/fr\/news_media\/media_library\/index.jsp?filter=searchString:arbre%20douilles&amp;tab=mediathek-pub&amp;uid=3322117&amp;subfilter=app:dc;language-vid:446;language-pub:all;mediatyp-pub:all;referencetyp-pub:0\" target=\"_blank\" rel=\"noopener noreferrer\">Retrouvez la gamme compl\u00e8te de notre partenaire principal<\/a>[\/vc_hoverbox][\/vc_column][vc_column width=\u00a0\u00bb1\/2&Prime;][vc_hoverbox image=\u00a0\u00bb56903&Prime; primary_title=\u00a0\u00bb\u00a0\u00bb hover_title=\u00a0\u00bb\u00a0\u00bb shape=\u00a0\u00bbsquare\u00a0\u00bb el_width=\u00a0\u00bb30&Prime;]<a href=\"https:\/\/rbk-lineaire.fr\/wp-content\/uploads\/2020\/04\/NIPPONBEARING-douilles-billes.pdf\" target=\"_blank\" rel=\"noopener noreferrer\">Voir le catalogue douilles de notre partenaire Nippon Bearing<\/a>[\/vc_hoverbox][\/vc_column][\/vc_row][vc_row][vc_column width=\u00a0\u00bb1\/2&Prime;][vc_hoverbox image=\u00a0\u00bb56914&Prime; primary_title=\u00a0\u00bb\u00a0\u00bb hover_title=\u00a0\u00bb\u00a0\u00bb shape=\u00a0\u00bbsquare\u00a0\u00bb el_width=\u00a0\u00bb30&Prime;]<a href=\"https:\/\/rbk-lineaire.fr\/wp-content\/uploads\/2020\/04\/SFERAX-catalogue.pdf\" target=\"_blank\" rel=\"noopener noreferrer\">Retrouvez la gamme douilles \u00e0 billes de notre partenaire SFERAX<\/a>[\/vc_hoverbox][\/vc_column][vc_column width=\u00a0\u00bb1\/2&Prime;][vc_hoverbox image=\u00a0\u00bb56508&Prime; primary_title=\u00a0\u00bb\u00a0\u00bb hover_title=\u00a0\u00bb\u00a0\u00bb shape=\u00a0\u00bbsquare\u00a0\u00bb el_width=\u00a0\u00bb30&Prime;]<a href=\"https:\/\/rbk-lineaire.fr\/wp-content\/uploads\/2020\/01\/cdc-lineaire.pdf\" target=\"_blank\" rel=\"noopener noreferrer\">T\u00e9l\u00e9charger notre cahier des charges guidage<\/a>[\/vc_hoverbox][\/vc_column][\/vc_row]<\/p>\n","protected":false},"excerpt":{"rendered":"<p>[vc_row full_width=\u00a0\u00bbstretch_row\u00a0\u00bb gap=\u00a0\u00bb35&Prime; full_height=\u00a0\u00bbyes\u00a0\u00bb columns_placement=\u00a0\u00bbstretch\u00a0\u00bb equal_height=\u00a0\u00bbyes\u00a0\u00bb content_placement=\u00a0\u00bbmiddle\u00a0\u00bb css=\u00a0\u00bb.vc_custom_1490271551285{margin-top: 0px !important;margin-bottom: 0px !important;padding-top: 0px !important;padding-bottom: 0px !important;background-image: url(https:\/\/rbk-lineaire.fr\/wp-content\/uploads\/2019\/09\/arbres.jpg?id=56390) !important;background-position: center !important;background-repeat: no-repeat !important;background-size: cover !important;}\u00a0\u00bb][vc_column width=\u00a0\u00bb1\/4&Prime; css=\u00a0\u00bb.vc_custom_1490271565380{margin-top: 0px !important;margin-bottom: 0px !important;padding-top: 0px !important;padding-bottom: 0px !important;}\u00a0\u00bb][\/vc_column][vc_column width=\u00a0\u00bb1\/2&Prime; css=\u00a0\u00bb.vc_custom_1569247605847{margin-top: 0px !important;margin-bottom: 0px !important;padding-right: 50px !important;padding-left: 50px !important;background-color: rgba(155,153,144,0.8) !important;*background-color: rgb(155,153,144) !important;}\u00a0\u00bb][vc_custom_heading text=\u00a0\u00bbArbres\u00a0\u00bb font_container=\u00a0\u00bbtag:h2|font_size:60|text_align:left|color:%23ffffff\u00a0\u00bb google_fonts=\u00a0\u00bbfont_family:Montserrat%3Aregular%2C700|font_style:400%20regular%3A400%3Anormal\u00a0\u00bb][vc_column_text 0=\u00a0\u00bb\u00a0\u00bb]Arbres de pr\u00e9cision en&hellip;<\/p>\n","protected":false},"author":1,"featured_media":0,"parent":0,"menu_order":0,"comment_status":"closed","ping_status":"closed","template":"","meta":{"footnotes":""},"class_list":["post-56290","page","type-page","status-publish","hentry","description-off"],"yoast_head":"<!-- This site is optimized with the Yoast SEO Premium plugin v26.5 (Yoast SEO v27.5) - https:\/\/yoast.com\/product\/yoast-seo-premium-wordpress\/ -->\n<title>Arbres et douilles disponibles chez votre distributeur RBK Lin\u00e9aire<\/title>\n<meta name=\"description\" content=\"Arbres et douilles disponibles sur stock chez votre ditributeur RBK Lin\u00e9aire : abres de pr\u00e9cision en acier tremp\u00e9-revenu, douilles ...\" \/>\n<meta name=\"robots\" content=\"index, follow, max-snippet:-1, max-image-preview:large, max-video-preview:-1\" \/>\n<link rel=\"canonical\" href=\"https:\/\/rbk-lineaire.fr\/index.php\/arbres\/\" \/>\n<meta property=\"og:locale\" content=\"fr_FR\" \/>\n<meta property=\"og:type\" content=\"article\" \/>\n<meta property=\"og:title\" content=\"ARBRES ET DOUILLES\" \/>\n<meta property=\"og:description\" content=\"Arbres et douilles disponibles sur stock chez votre ditributeur RBK Lin\u00e9aire : abres de pr\u00e9cision en acier tremp\u00e9-revenu, douilles ...\" \/>\n<meta property=\"og:url\" content=\"https:\/\/rbk-lineaire.fr\/index.php\/arbres\/\" \/>\n<meta property=\"og:site_name\" content=\"RBK Lin\u00e9aire\" \/>\n<meta property=\"article:publisher\" content=\"https:\/\/www.facebook.com\/RBKRoulements\/\" \/>\n<meta property=\"article:modified_time\" content=\"2023-02-03T09:28:16+00:00\" \/>\n<meta name=\"twitter:card\" content=\"summary_large_image\" \/>\n<meta name=\"twitter:label1\" content=\"Dur\u00e9e de lecture estim\u00e9e\" \/>\n\t<meta name=\"twitter:data1\" content=\"3 minutes\" \/>\n<script type=\"application\/ld+json\" class=\"yoast-schema-graph\">{\"@context\":\"https:\\\/\\\/schema.org\",\"@graph\":[{\"@type\":\"WebPage\",\"@id\":\"https:\\\/\\\/rbk-lineaire.fr\\\/index.php\\\/arbres\\\/\",\"url\":\"https:\\\/\\\/rbk-lineaire.fr\\\/index.php\\\/arbres\\\/\",\"name\":\"Arbres et douilles disponibles chez votre distributeur RBK Lin\u00e9aire\",\"isPartOf\":{\"@id\":\"https:\\\/\\\/rbk-lineaire.fr\\\/#website\"},\"datePublished\":\"2019-09-18T09:54:06+00:00\",\"dateModified\":\"2023-02-03T09:28:16+00:00\",\"description\":\"Arbres et douilles disponibles sur stock chez votre ditributeur RBK Lin\u00e9aire : abres de pr\u00e9cision en acier tremp\u00e9-revenu, douilles ...\",\"breadcrumb\":{\"@id\":\"https:\\\/\\\/rbk-lineaire.fr\\\/index.php\\\/arbres\\\/#breadcrumb\"},\"inLanguage\":\"fr-FR\",\"potentialAction\":[{\"@type\":\"ReadAction\",\"target\":[\"https:\\\/\\\/rbk-lineaire.fr\\\/index.php\\\/arbres\\\/\"]}]},{\"@type\":\"BreadcrumbList\",\"@id\":\"https:\\\/\\\/rbk-lineaire.fr\\\/index.php\\\/arbres\\\/#breadcrumb\",\"itemListElement\":[{\"@type\":\"ListItem\",\"position\":1,\"name\":\"Accueil\",\"item\":\"https:\\\/\\\/rbk-lineaire.fr\\\/\"},{\"@type\":\"ListItem\",\"position\":2,\"name\":\"ARBRES ET DOUILLES\"}]},{\"@type\":\"WebSite\",\"@id\":\"https:\\\/\\\/rbk-lineaire.fr\\\/#website\",\"url\":\"https:\\\/\\\/rbk-lineaire.fr\\\/\",\"name\":\"RBK Lin\u00e9aire\",\"description\":\"Site vitrine de tous types de guidage lin\u00e9aire\",\"publisher\":{\"@id\":\"https:\\\/\\\/rbk-lineaire.fr\\\/#organization\"},\"potentialAction\":[{\"@type\":\"SearchAction\",\"target\":{\"@type\":\"EntryPoint\",\"urlTemplate\":\"https:\\\/\\\/rbk-lineaire.fr\\\/?s={search_term_string}\"},\"query-input\":{\"@type\":\"PropertyValueSpecification\",\"valueRequired\":true,\"valueName\":\"search_term_string\"}}],\"inLanguage\":\"fr-FR\"},{\"@type\":\"Organization\",\"@id\":\"https:\\\/\\\/rbk-lineaire.fr\\\/#organization\",\"name\":\"RBK Lin\u00e9aire\",\"url\":\"https:\\\/\\\/rbk-lineaire.fr\\\/\",\"logo\":{\"@type\":\"ImageObject\",\"inLanguage\":\"fr-FR\",\"@id\":\"https:\\\/\\\/rbk-lineaire.fr\\\/#\\\/schema\\\/logo\\\/image\\\/\",\"url\":\"https:\\\/\\\/rbk-lineaire.fr\\\/wp-content\\\/uploads\\\/2019\\\/04\\\/RBK-LINEAIRE-LOGOx152.png\",\"contentUrl\":\"https:\\\/\\\/rbk-lineaire.fr\\\/wp-content\\\/uploads\\\/2019\\\/04\\\/RBK-LINEAIRE-LOGOx152.png\",\"width\":109,\"height\":152,\"caption\":\"RBK Lin\u00e9aire\"},\"image\":{\"@id\":\"https:\\\/\\\/rbk-lineaire.fr\\\/#\\\/schema\\\/logo\\\/image\\\/\"},\"sameAs\":[\"https:\\\/\\\/www.facebook.com\\\/RBKRoulements\\\/\",\"https:\\\/\\\/www.linkedin.com\\\/company\\\/rbk-roulement\\\/\"]}]}<\/script>\n<!-- \/ Yoast SEO Premium plugin. -->","yoast_head_json":{"title":"Arbres et douilles disponibles chez votre distributeur RBK Lin\u00e9aire","description":"Arbres et douilles disponibles sur stock chez votre ditributeur RBK Lin\u00e9aire : abres de pr\u00e9cision en acier tremp\u00e9-revenu, douilles ...","robots":{"index":"index","follow":"follow","max-snippet":"max-snippet:-1","max-image-preview":"max-image-preview:large","max-video-preview":"max-video-preview:-1"},"canonical":"https:\/\/rbk-lineaire.fr\/index.php\/arbres\/","og_locale":"fr_FR","og_type":"article","og_title":"ARBRES ET DOUILLES","og_description":"Arbres et douilles disponibles sur stock chez votre ditributeur RBK Lin\u00e9aire : abres de pr\u00e9cision en acier tremp\u00e9-revenu, douilles ...","og_url":"https:\/\/rbk-lineaire.fr\/index.php\/arbres\/","og_site_name":"RBK Lin\u00e9aire","article_publisher":"https:\/\/www.facebook.com\/RBKRoulements\/","article_modified_time":"2023-02-03T09:28:16+00:00","twitter_card":"summary_large_image","twitter_misc":{"Dur\u00e9e de lecture estim\u00e9e":"3 minutes"},"schema":{"@context":"https:\/\/schema.org","@graph":[{"@type":"WebPage","@id":"https:\/\/rbk-lineaire.fr\/index.php\/arbres\/","url":"https:\/\/rbk-lineaire.fr\/index.php\/arbres\/","name":"Arbres et douilles disponibles chez votre distributeur RBK Lin\u00e9aire","isPartOf":{"@id":"https:\/\/rbk-lineaire.fr\/#website"},"datePublished":"2019-09-18T09:54:06+00:00","dateModified":"2023-02-03T09:28:16+00:00","description":"Arbres et douilles disponibles sur stock chez votre ditributeur RBK Lin\u00e9aire : abres de pr\u00e9cision en acier tremp\u00e9-revenu, douilles ...","breadcrumb":{"@id":"https:\/\/rbk-lineaire.fr\/index.php\/arbres\/#breadcrumb"},"inLanguage":"fr-FR","potentialAction":[{"@type":"ReadAction","target":["https:\/\/rbk-lineaire.fr\/index.php\/arbres\/"]}]},{"@type":"BreadcrumbList","@id":"https:\/\/rbk-lineaire.fr\/index.php\/arbres\/#breadcrumb","itemListElement":[{"@type":"ListItem","position":1,"name":"Accueil","item":"https:\/\/rbk-lineaire.fr\/"},{"@type":"ListItem","position":2,"name":"ARBRES ET DOUILLES"}]},{"@type":"WebSite","@id":"https:\/\/rbk-lineaire.fr\/#website","url":"https:\/\/rbk-lineaire.fr\/","name":"RBK Lin\u00e9aire","description":"Site vitrine de tous types de guidage lin\u00e9aire","publisher":{"@id":"https:\/\/rbk-lineaire.fr\/#organization"},"potentialAction":[{"@type":"SearchAction","target":{"@type":"EntryPoint","urlTemplate":"https:\/\/rbk-lineaire.fr\/?s={search_term_string}"},"query-input":{"@type":"PropertyValueSpecification","valueRequired":true,"valueName":"search_term_string"}}],"inLanguage":"fr-FR"},{"@type":"Organization","@id":"https:\/\/rbk-lineaire.fr\/#organization","name":"RBK Lin\u00e9aire","url":"https:\/\/rbk-lineaire.fr\/","logo":{"@type":"ImageObject","inLanguage":"fr-FR","@id":"https:\/\/rbk-lineaire.fr\/#\/schema\/logo\/image\/","url":"https:\/\/rbk-lineaire.fr\/wp-content\/uploads\/2019\/04\/RBK-LINEAIRE-LOGOx152.png","contentUrl":"https:\/\/rbk-lineaire.fr\/wp-content\/uploads\/2019\/04\/RBK-LINEAIRE-LOGOx152.png","width":109,"height":152,"caption":"RBK Lin\u00e9aire"},"image":{"@id":"https:\/\/rbk-lineaire.fr\/#\/schema\/logo\/image\/"},"sameAs":["https:\/\/www.facebook.com\/RBKRoulements\/","https:\/\/www.linkedin.com\/company\/rbk-roulement\/"]}]}},"_links":{"self":[{"href":"https:\/\/rbk-lineaire.fr\/index.php\/wp-json\/wp\/v2\/pages\/56290","targetHints":{"allow":["GET"]}}],"collection":[{"href":"https:\/\/rbk-lineaire.fr\/index.php\/wp-json\/wp\/v2\/pages"}],"about":[{"href":"https:\/\/rbk-lineaire.fr\/index.php\/wp-json\/wp\/v2\/types\/page"}],"author":[{"embeddable":true,"href":"https:\/\/rbk-lineaire.fr\/index.php\/wp-json\/wp\/v2\/users\/1"}],"replies":[{"embeddable":true,"href":"https:\/\/rbk-lineaire.fr\/index.php\/wp-json\/wp\/v2\/comments?post=56290"}],"version-history":[{"count":33,"href":"https:\/\/rbk-lineaire.fr\/index.php\/wp-json\/wp\/v2\/pages\/56290\/revisions"}],"predecessor-version":[{"id":57335,"href":"https:\/\/rbk-lineaire.fr\/index.php\/wp-json\/wp\/v2\/pages\/56290\/revisions\/57335"}],"wp:attachment":[{"href":"https:\/\/rbk-lineaire.fr\/index.php\/wp-json\/wp\/v2\/media?parent=56290"}],"curies":[{"name":"wp","href":"https:\/\/api.w.org\/{rel}","templated":true}]}}