{"id":56498,"date":"2019-09-30T12:31:34","date_gmt":"2019-09-30T10:31:34","guid":{"rendered":"http:\/\/rbk-lineaire.fr\/?page_id=56498"},"modified":"2024-10-02T14:28:58","modified_gmt":"2024-10-02T12:28:58","slug":"cahier-des-charges","status":"publish","type":"page","link":"https:\/\/rbk-lineaire.fr\/index.php\/cahier-des-charges\/","title":{"rendered":"CAHIER DES CHARGES"},"content":{"rendered":"<p>[vc_row][vc_column][vc_column_text]Retrouvez le cahier des charges guidage et le cahier des charges vis \u00e0 billes \/ vis \u00e0 rouleaux\u00a0 ici afin de nous donner plus d&rsquo;informations sur vos projets.[\/vc_column_text][vc_empty_space][\/vc_column][\/vc_row][vc_row][vc_column][vc_column_text]Merci de renvoyer le cahier des charges par email \u00e0 <a href=\"mailto:contact@rbk.fr\" target=\"_blank\" rel=\"noopener noreferrer\">l&rsquo;adresse<\/a><\/p>\n<p>Pour plus d&rsquo;informations, vous pouvez nous contacter par t\u00e9l\u00e9phone au 01 61 04 46 46[\/vc_column_text][\/vc_column][\/vc_row][vc_row][vc_column][vc_empty_space][\/vc_column][\/vc_row][vc_row][vc_column width=\u00a0\u00bb1\/2&Prime;][vc_hoverbox image=\u00a0\u00bb57359&Prime; primary_title=\u00a0\u00bb\u00a0\u00bb hover_title=\u00a0\u00bb\u00a0\u00bb shape=\u00a0\u00bbsquare\u00a0\u00bb el_width=\u00a0\u00bb30&Prime;]<a href=\"https:\/\/rbk-lineaire.fr\/wp-content\/uploads\/2023\/03\/cdc-lineaire-RBK-2023.pdf\" target=\"_blank\" rel=\"noopener\">T\u00e9l\u00e9charger notre cahier des charges guidage<\/a>[\/vc_hoverbox][\/vc_column][vc_column width=\u00a0\u00bb1\/2&Prime;][vc_hoverbox image=\u00a0\u00bb57360&Prime; primary_title=\u00a0\u00bb\u00a0\u00bb hover_title=\u00a0\u00bb\u00a0\u00bb shape=\u00a0\u00bbsquare\u00a0\u00bb el_width=\u00a0\u00bb30&Prime;]<a href=\"https:\/\/rbk-lineaire.fr\/wp-content\/uploads\/2024\/10\/cdc-vis-RBK-2024.pdf\" target=\"_blank\" rel=\"noopener\">T\u00e9l\u00e9charger notre cahier des charges vis \u00e0 billes vis \u00e0 rouleaux <\/a>[\/vc_hoverbox][\/vc_column][\/vc_row]<\/p>\n","protected":false},"excerpt":{"rendered":"<p>[vc_row][vc_column][vc_column_text]Retrouvez le cahier des charges guidage et le cahier des charges vis \u00e0 billes \/ vis \u00e0 rouleaux\u00a0 ici afin de nous donner plus d&rsquo;informations sur vos projets.[\/vc_column_text][vc_empty_space][\/vc_column][\/vc_row][vc_row][vc_column][vc_column_text]Merci de renvoyer le cahier des charges par email \u00e0 l&rsquo;adresse Pour plus d&rsquo;informations, vous pouvez nous contacter par t\u00e9l\u00e9phone au 01 61 04 46 46[\/vc_column_text][\/vc_column][\/vc_row][vc_row][vc_column][vc_empty_space][\/vc_column][\/vc_row][vc_row][vc_column width=\u00a0\u00bb1\/2&Prime;][vc_hoverbox image=\u00a0\u00bb57359&Prime;&hellip;<\/p>\n","protected":false},"author":1,"featured_media":0,"parent":0,"menu_order":0,"comment_status":"closed","ping_status":"closed","template":"","meta":{"footnotes":""},"class_list":["post-56498","page","type-page","status-publish","hentry","description-off"],"yoast_head":"<!-- This site is optimized with the Yoast SEO Premium plugin v26.5 (Yoast SEO v27.4) - https:\/\/yoast.com\/product\/yoast-seo-premium-wordpress\/ -->\n<title>RBK Lin\u00e9raire - cahier des charges guidage lin\u00e9aire - vis \u00e0 billes<\/title>\n<meta name=\"description\" content=\"Les cahiers des charges guidage lin\u00e9aire et cahier des charges des vis \u00e0 billes \/ vis \u00e0 rouleaux sont \u00e0 retrouver sur cette page internet.\" \/>\n<meta name=\"robots\" content=\"index, follow, max-snippet:-1, max-image-preview:large, max-video-preview:-1\" \/>\n<link rel=\"canonical\" href=\"https:\/\/rbk-lineaire.fr\/index.php\/cahier-des-charges\/\" \/>\n<meta property=\"og:locale\" content=\"fr_FR\" \/>\n<meta property=\"og:type\" content=\"article\" \/>\n<meta property=\"og:title\" content=\"CAHIER DES CHARGES\" \/>\n<meta property=\"og:description\" content=\"Les cahiers des charges guidage lin\u00e9aire et cahier des charges des vis \u00e0 billes \/ vis \u00e0 rouleaux sont \u00e0 retrouver sur cette page internet.\" \/>\n<meta property=\"og:url\" content=\"https:\/\/rbk-lineaire.fr\/index.php\/cahier-des-charges\/\" \/>\n<meta property=\"og:site_name\" content=\"RBK Lin\u00e9aire\" \/>\n<meta property=\"article:publisher\" content=\"https:\/\/www.facebook.com\/RBKRoulements\/\" \/>\n<meta property=\"article:modified_time\" content=\"2024-10-02T12:28:58+00:00\" \/>\n<meta name=\"twitter:card\" content=\"summary_large_image\" \/>\n<meta name=\"twitter:label1\" content=\"Dur\u00e9e de lecture estim\u00e9e\" \/>\n\t<meta name=\"twitter:data1\" content=\"1 minute\" \/>\n<script type=\"application\/ld+json\" class=\"yoast-schema-graph\">{\"@context\":\"https:\\\/\\\/schema.org\",\"@graph\":[{\"@type\":\"WebPage\",\"@id\":\"https:\\\/\\\/rbk-lineaire.fr\\\/index.php\\\/cahier-des-charges\\\/\",\"url\":\"https:\\\/\\\/rbk-lineaire.fr\\\/index.php\\\/cahier-des-charges\\\/\",\"name\":\"RBK Lin\u00e9raire - cahier des charges guidage lin\u00e9aire - vis \u00e0 billes\",\"isPartOf\":{\"@id\":\"https:\\\/\\\/rbk-lineaire.fr\\\/#website\"},\"datePublished\":\"2019-09-30T10:31:34+00:00\",\"dateModified\":\"2024-10-02T12:28:58+00:00\",\"description\":\"Les cahiers des charges guidage lin\u00e9aire et cahier des charges des vis \u00e0 billes \\\/ vis \u00e0 rouleaux sont \u00e0 retrouver sur cette page internet.\",\"breadcrumb\":{\"@id\":\"https:\\\/\\\/rbk-lineaire.fr\\\/index.php\\\/cahier-des-charges\\\/#breadcrumb\"},\"inLanguage\":\"fr-FR\",\"potentialAction\":[{\"@type\":\"ReadAction\",\"target\":[\"https:\\\/\\\/rbk-lineaire.fr\\\/index.php\\\/cahier-des-charges\\\/\"]}]},{\"@type\":\"BreadcrumbList\",\"@id\":\"https:\\\/\\\/rbk-lineaire.fr\\\/index.php\\\/cahier-des-charges\\\/#breadcrumb\",\"itemListElement\":[{\"@type\":\"ListItem\",\"position\":1,\"name\":\"Accueil\",\"item\":\"https:\\\/\\\/rbk-lineaire.fr\\\/\"},{\"@type\":\"ListItem\",\"position\":2,\"name\":\"CAHIER DES CHARGES\"}]},{\"@type\":\"WebSite\",\"@id\":\"https:\\\/\\\/rbk-lineaire.fr\\\/#website\",\"url\":\"https:\\\/\\\/rbk-lineaire.fr\\\/\",\"name\":\"RBK Lin\u00e9aire\",\"description\":\"Site vitrine de tous types de guidage lin\u00e9aire\",\"publisher\":{\"@id\":\"https:\\\/\\\/rbk-lineaire.fr\\\/#organization\"},\"potentialAction\":[{\"@type\":\"SearchAction\",\"target\":{\"@type\":\"EntryPoint\",\"urlTemplate\":\"https:\\\/\\\/rbk-lineaire.fr\\\/?s={search_term_string}\"},\"query-input\":{\"@type\":\"PropertyValueSpecification\",\"valueRequired\":true,\"valueName\":\"search_term_string\"}}],\"inLanguage\":\"fr-FR\"},{\"@type\":\"Organization\",\"@id\":\"https:\\\/\\\/rbk-lineaire.fr\\\/#organization\",\"name\":\"RBK Lin\u00e9aire\",\"url\":\"https:\\\/\\\/rbk-lineaire.fr\\\/\",\"logo\":{\"@type\":\"ImageObject\",\"inLanguage\":\"fr-FR\",\"@id\":\"https:\\\/\\\/rbk-lineaire.fr\\\/#\\\/schema\\\/logo\\\/image\\\/\",\"url\":\"https:\\\/\\\/rbk-lineaire.fr\\\/wp-content\\\/uploads\\\/2019\\\/04\\\/RBK-LINEAIRE-LOGOx152.png\",\"contentUrl\":\"https:\\\/\\\/rbk-lineaire.fr\\\/wp-content\\\/uploads\\\/2019\\\/04\\\/RBK-LINEAIRE-LOGOx152.png\",\"width\":109,\"height\":152,\"caption\":\"RBK Lin\u00e9aire\"},\"image\":{\"@id\":\"https:\\\/\\\/rbk-lineaire.fr\\\/#\\\/schema\\\/logo\\\/image\\\/\"},\"sameAs\":[\"https:\\\/\\\/www.facebook.com\\\/RBKRoulements\\\/\",\"https:\\\/\\\/www.linkedin.com\\\/company\\\/rbk-roulement\\\/\"]}]}<\/script>\n<!-- \/ Yoast SEO Premium plugin. -->","yoast_head_json":{"title":"RBK Lin\u00e9raire - cahier des charges guidage lin\u00e9aire - vis \u00e0 billes","description":"Les cahiers des charges guidage lin\u00e9aire et cahier des charges des vis \u00e0 billes \/ vis \u00e0 rouleaux sont \u00e0 retrouver sur cette page internet.","robots":{"index":"index","follow":"follow","max-snippet":"max-snippet:-1","max-image-preview":"max-image-preview:large","max-video-preview":"max-video-preview:-1"},"canonical":"https:\/\/rbk-lineaire.fr\/index.php\/cahier-des-charges\/","og_locale":"fr_FR","og_type":"article","og_title":"CAHIER DES CHARGES","og_description":"Les cahiers des charges guidage lin\u00e9aire et cahier des charges des vis \u00e0 billes \/ vis \u00e0 rouleaux sont \u00e0 retrouver sur cette page internet.","og_url":"https:\/\/rbk-lineaire.fr\/index.php\/cahier-des-charges\/","og_site_name":"RBK Lin\u00e9aire","article_publisher":"https:\/\/www.facebook.com\/RBKRoulements\/","article_modified_time":"2024-10-02T12:28:58+00:00","twitter_card":"summary_large_image","twitter_misc":{"Dur\u00e9e de lecture estim\u00e9e":"1 minute"},"schema":{"@context":"https:\/\/schema.org","@graph":[{"@type":"WebPage","@id":"https:\/\/rbk-lineaire.fr\/index.php\/cahier-des-charges\/","url":"https:\/\/rbk-lineaire.fr\/index.php\/cahier-des-charges\/","name":"RBK Lin\u00e9raire - cahier des charges guidage lin\u00e9aire - vis \u00e0 billes","isPartOf":{"@id":"https:\/\/rbk-lineaire.fr\/#website"},"datePublished":"2019-09-30T10:31:34+00:00","dateModified":"2024-10-02T12:28:58+00:00","description":"Les cahiers des charges guidage lin\u00e9aire et cahier des charges des vis \u00e0 billes \/ vis \u00e0 rouleaux sont \u00e0 retrouver sur cette page internet.","breadcrumb":{"@id":"https:\/\/rbk-lineaire.fr\/index.php\/cahier-des-charges\/#breadcrumb"},"inLanguage":"fr-FR","potentialAction":[{"@type":"ReadAction","target":["https:\/\/rbk-lineaire.fr\/index.php\/cahier-des-charges\/"]}]},{"@type":"BreadcrumbList","@id":"https:\/\/rbk-lineaire.fr\/index.php\/cahier-des-charges\/#breadcrumb","itemListElement":[{"@type":"ListItem","position":1,"name":"Accueil","item":"https:\/\/rbk-lineaire.fr\/"},{"@type":"ListItem","position":2,"name":"CAHIER DES CHARGES"}]},{"@type":"WebSite","@id":"https:\/\/rbk-lineaire.fr\/#website","url":"https:\/\/rbk-lineaire.fr\/","name":"RBK Lin\u00e9aire","description":"Site vitrine de tous types de guidage lin\u00e9aire","publisher":{"@id":"https:\/\/rbk-lineaire.fr\/#organization"},"potentialAction":[{"@type":"SearchAction","target":{"@type":"EntryPoint","urlTemplate":"https:\/\/rbk-lineaire.fr\/?s={search_term_string}"},"query-input":{"@type":"PropertyValueSpecification","valueRequired":true,"valueName":"search_term_string"}}],"inLanguage":"fr-FR"},{"@type":"Organization","@id":"https:\/\/rbk-lineaire.fr\/#organization","name":"RBK Lin\u00e9aire","url":"https:\/\/rbk-lineaire.fr\/","logo":{"@type":"ImageObject","inLanguage":"fr-FR","@id":"https:\/\/rbk-lineaire.fr\/#\/schema\/logo\/image\/","url":"https:\/\/rbk-lineaire.fr\/wp-content\/uploads\/2019\/04\/RBK-LINEAIRE-LOGOx152.png","contentUrl":"https:\/\/rbk-lineaire.fr\/wp-content\/uploads\/2019\/04\/RBK-LINEAIRE-LOGOx152.png","width":109,"height":152,"caption":"RBK Lin\u00e9aire"},"image":{"@id":"https:\/\/rbk-lineaire.fr\/#\/schema\/logo\/image\/"},"sameAs":["https:\/\/www.facebook.com\/RBKRoulements\/","https:\/\/www.linkedin.com\/company\/rbk-roulement\/"]}]}},"_links":{"self":[{"href":"https:\/\/rbk-lineaire.fr\/index.php\/wp-json\/wp\/v2\/pages\/56498","targetHints":{"allow":["GET"]}}],"collection":[{"href":"https:\/\/rbk-lineaire.fr\/index.php\/wp-json\/wp\/v2\/pages"}],"about":[{"href":"https:\/\/rbk-lineaire.fr\/index.php\/wp-json\/wp\/v2\/types\/page"}],"author":[{"embeddable":true,"href":"https:\/\/rbk-lineaire.fr\/index.php\/wp-json\/wp\/v2\/users\/1"}],"replies":[{"embeddable":true,"href":"https:\/\/rbk-lineaire.fr\/index.php\/wp-json\/wp\/v2\/comments?post=56498"}],"version-history":[{"count":16,"href":"https:\/\/rbk-lineaire.fr\/index.php\/wp-json\/wp\/v2\/pages\/56498\/revisions"}],"predecessor-version":[{"id":57362,"href":"https:\/\/rbk-lineaire.fr\/index.php\/wp-json\/wp\/v2\/pages\/56498\/revisions\/57362"}],"wp:attachment":[{"href":"https:\/\/rbk-lineaire.fr\/index.php\/wp-json\/wp\/v2\/media?parent=56498"}],"curies":[{"name":"wp","href":"https:\/\/api.w.org\/{rel}","templated":true}]}}