{"id":56716,"date":"2020-01-20T17:14:53","date_gmt":"2020-01-20T16:14:53","guid":{"rendered":"https:\/\/rbk-lineaire.fr\/?page_id=56716"},"modified":"2020-01-30T11:42:51","modified_gmt":"2020-01-30T10:42:51","slug":"thk","status":"publish","type":"page","link":"https:\/\/rbk-lineaire.fr\/index.php\/thk\/","title":{"rendered":"THK"},"content":{"rendered":"<p>[vc_row][vc_column][vc_empty_space][\/vc_column][\/vc_row][vc_row full_width=\u00a0\u00bbstretch_row\u00a0\u00bb gap=\u00a0\u00bb35&Prime; full_height=\u00a0\u00bbyes\u00a0\u00bb columns_placement=\u00a0\u00bbstretch\u00a0\u00bb equal_height=\u00a0\u00bbyes\u00a0\u00bb content_placement=\u00a0\u00bbmiddle\u00a0\u00bb css=\u00a0\u00bb.vc_custom_1490271551285{margin-top: 0px !important;margin-bottom: 0px !important;padding-top: 0px !important;padding-bottom: 0px !important;background-image: url(https:\/\/rbk-lineaire.fr\/wp-content\/uploads\/2020\/01\/fonds-THK-1.jpg) !important;background-position: center !important;background-repeat: no-repeat !important;background-size: cover !important;}\u00a0\u00bb][vc_column width=\u00a0\u00bb1\/4&Prime; css=\u00a0\u00bb.vc_custom_1490271565380{margin-top: 0px !important;margin-bottom: 0px !important;padding-top: 0px !important;padding-bottom: 0px !important;}\u00a0\u00bb][\/vc_column][vc_column width=\u00a0\u00bb1\/2&Prime; css=\u00a0\u00bb.vc_custom_1569243529551{margin-top: 0px !important;margin-bottom: 0px !important;padding-right: 50px !important;padding-left: 50px !important;background-color: rgba(155,153,144,0.8) !important;*background-color: rgb(155,153,144) !important;}\u00a0\u00bb][vc_custom_heading text=\u00a0\u00bbTHK\u00a0\u00bb font_container=\u00a0\u00bbtag:h2|font_size:60|text_align:left|color:%23ffffff\u00a0\u00bb google_fonts=\u00a0\u00bbfont_family:Montserrat%3Aregular%2C700|font_style:400%20regular%3A400%3Anormal\u00a0\u00bb][vc_column_text]<span style=\"color: #ffffff;\">RBK Lin\u00e9aire vous propose des syst\u00e8mes de guidages lin\u00e9aires de la marque THK<br \/>\nVoici ici les diff\u00e9rentes gammes de produits<\/span>[\/vc_column_text][\/vc_column][vc_column width=\u00a0\u00bb1\/4&Prime; css=\u00a0\u00bb.vc_custom_1490271557584{margin-top: 0px !important;margin-bottom: 0px !important;padding-top: 0px !important;padding-bottom: 0px !important;}\u00a0\u00bb][\/vc_column][\/vc_row][vc_row][vc_column][vc_empty_space][\/vc_column][\/vc_row][vc_row][vc_column][vc_empty_space][\/vc_column][\/vc_row][vc_row][vc_column][vc_single_image image=\u00a0\u00bb56673&Prime; img_size=\u00a0\u00bb200*150&Prime;][vc_empty_space][\/vc_column][\/vc_row][vc_row][vc_column width=\u00a0\u00bb1\/3&Prime;][vc_single_image image=\u00a0\u00bb56717&Prime; img_size=\u00a0\u00bb220*220&Prime;][vc_column_text]Guidage \u00e0 billes sur rails[\/vc_column_text][\/vc_column][vc_column width=\u00a0\u00bb1\/3&Prime;][vc_single_image image=\u00a0\u00bb56718&Prime; img_size=\u00a0\u00bb220*220&Prime;][vc_column_text]Guidage \u00e0 rouleaux sur rails[\/vc_column_text][\/vc_column][vc_column width=\u00a0\u00bb1\/3&Prime;][vc_single_image image=\u00a0\u00bb56719&Prime; img_size=\u00a0\u00bb220*220&Prime;][vc_column_text]Guidage courbe[\/vc_column_text][\/vc_column][\/vc_row][vc_row][vc_column][vc_empty_space][\/vc_column][\/vc_row][vc_row][vc_column width=\u00a0\u00bb1\/3&Prime;][vc_single_image image=\u00a0\u00bb56720&Prime; img_size=\u00a0\u00bb220*220&Prime;][vc_column_text]Guide \u00e0 rouleaux crois\u00e9s[\/vc_column_text][\/vc_column][vc_column width=\u00a0\u00bb1\/3&Prime;][vc_single_image image=\u00a0\u00bb56721&Prime; img_size=\u00a0\u00bb220*220&Prime;][vc_column_text]Vis \u00e0 billes[\/vc_column_text][\/vc_column][vc_column width=\u00a0\u00bb1\/3&Prime;][vc_single_image image=\u00a0\u00bb56722&Prime; img_size=\u00a0\u00bb220*220&Prime;][vc_column_text]Modules lin\u00e9aires[\/vc_column_text][\/vc_column][\/vc_row][vc_row][vc_column][vc_empty_space][\/vc_column][\/vc_row][vc_row][vc_column][vc_column_text]Vous avez besoins de plus d\u2019informations ?<a href=\"http:\/\/rbk-lineaire.fr\/index.php\/pages\/contact\/contact\/\" target=\"_blank\" rel=\"noopener noreferrer\"> Contactez nous<\/a>[\/vc_column_text][\/vc_column][\/vc_row][vc_row][vc_column][vc_empty_space][\/vc_column][\/vc_row][vc_row][vc_column width=\u00a0\u00bb1\/3&Prime;][vc_hoverbox image=\u00a0\u00bb56728&Prime; primary_title=\u00a0\u00bb\u00a0\u00bb hover_title=\u00a0\u00bb\u00a0\u00bb shape=\u00a0\u00bbsquare\u00a0\u00bb el_width=\u00a0\u00bb50&Prime;]<a href=\"https:\/\/tech.thk.com\/fr\/cat_claim\/catalog_list.php\" target=\"_blank\" rel=\"noopener noreferrer\">Retrouvez les gammes de notre partenaire<\/a><\/p>\n<p>&nbsp;<\/p>\n<p>&nbsp;<\/p>\n<p>&nbsp;<\/p>\n<p>[\/vc_hoverbox][\/vc_column][vc_column width=\u00a0\u00bb1\/3&Prime;][vc_hoverbox image=\u00a0\u00bb56508&Prime; primary_title=\u00a0\u00bb\u00a0\u00bb hover_title=\u00a0\u00bb\u00a0\u00bb shape=\u00a0\u00bbsquare\u00a0\u00bb el_width=\u00a0\u00bb50&Prime;]<a href=\"https:\/\/rbk-lineaire.fr\/wp-content\/uploads\/2020\/01\/cdc-lineaire.pdf\" target=\"_blank\" rel=\"noopener noreferrer\">T\u00e9l\u00e9charger notre cahier des charges guidage<\/a><\/p>\n<p>[\/vc_hoverbox][\/vc_column][vc_column width=\u00a0\u00bb1\/3&Prime;][vc_hoverbox image=\u00a0\u00bb56507&Prime; primary_title=\u00a0\u00bb\u00a0\u00bb hover_title=\u00a0\u00bb\u00a0\u00bb shape=\u00a0\u00bbsquare\u00a0\u00bb el_width=\u00a0\u00bb50&Prime;]<a href=\"http:\/\/rbk-lineaire.fr\/wp-content\/uploads\/2019\/09\/cdc-vis-RBK-v1-1.pdf\" target=\"_blank\" rel=\"noopener noreferrer\">T\u00e9l\u00e9charger notre cahier des charges vis \u00e0 billes<\/a><\/p>\n<p>[\/vc_hoverbox][\/vc_column][\/vc_row]<\/p>\n","protected":false},"excerpt":{"rendered":"<p>[vc_row][vc_column][vc_empty_space][\/vc_column][\/vc_row][vc_row full_width=\u00a0\u00bbstretch_row\u00a0\u00bb gap=\u00a0\u00bb35&Prime; full_height=\u00a0\u00bbyes\u00a0\u00bb columns_placement=\u00a0\u00bbstretch\u00a0\u00bb equal_height=\u00a0\u00bbyes\u00a0\u00bb content_placement=\u00a0\u00bbmiddle\u00a0\u00bb css=\u00a0\u00bb.vc_custom_1490271551285{margin-top: 0px !important;margin-bottom: 0px !important;padding-top: 0px !important;padding-bottom: 0px !important;background-image: url(https:\/\/rbk-lineaire.fr\/wp-content\/uploads\/2020\/01\/fonds-THK-1.jpg) !important;background-position: center !important;background-repeat: no-repeat !important;background-size: cover !important;}\u00a0\u00bb][vc_column width=\u00a0\u00bb1\/4&Prime; css=\u00a0\u00bb.vc_custom_1490271565380{margin-top: 0px !important;margin-bottom: 0px !important;padding-top: 0px !important;padding-bottom: 0px !important;}\u00a0\u00bb][\/vc_column][vc_column width=\u00a0\u00bb1\/2&Prime; css=\u00a0\u00bb.vc_custom_1569243529551{margin-top: 0px !important;margin-bottom: 0px !important;padding-right: 50px !important;padding-left: 50px !important;background-color: rgba(155,153,144,0.8) !important;*background-color: rgb(155,153,144) !important;}\u00a0\u00bb][vc_custom_heading text=\u00a0\u00bbTHK\u00a0\u00bb font_container=\u00a0\u00bbtag:h2|font_size:60|text_align:left|color:%23ffffff\u00a0\u00bb google_fonts=\u00a0\u00bbfont_family:Montserrat%3Aregular%2C700|font_style:400%20regular%3A400%3Anormal\u00a0\u00bb][vc_column_text]RBK Lin\u00e9aire vous propose des&hellip;<\/p>\n","protected":false},"author":1,"featured_media":0,"parent":0,"menu_order":0,"comment_status":"closed","ping_status":"closed","template":"","meta":{"footnotes":""},"class_list":["post-56716","page","type-page","status-publish","hentry","description-off"],"yoast_head":"<!-- This site is optimized with the Yoast SEO Premium plugin v26.5 (Yoast SEO v27.5) - https:\/\/yoast.com\/product\/yoast-seo-premium-wordpress\/ -->\n<title>THK - Pr\u00e9sentation gamme Guidage Lin\u00e9aire - RBK Lin\u00e9aire<\/title>\n<meta name=\"description\" content=\"RBK Lin\u00e9aire vous propose la gamme lin\u00e9aire THK : guidage \u00e0 billes sur rails, guidage \u00e0 rouleaux sur rails, guidage courbe, guide \u00e0 rouleaux crois\u00e9s, vis ...\" \/>\n<meta name=\"robots\" content=\"index, follow, max-snippet:-1, max-image-preview:large, max-video-preview:-1\" \/>\n<link rel=\"canonical\" href=\"https:\/\/rbk-lineaire.fr\/index.php\/thk\/\" \/>\n<meta property=\"og:locale\" content=\"fr_FR\" \/>\n<meta property=\"og:type\" content=\"article\" \/>\n<meta property=\"og:title\" content=\"THK\" \/>\n<meta property=\"og:description\" content=\"RBK Lin\u00e9aire vous propose la gamme lin\u00e9aire THK : guidage \u00e0 billes sur rails, guidage \u00e0 rouleaux sur rails, guidage courbe, guide \u00e0 rouleaux crois\u00e9s, vis ...\" \/>\n<meta property=\"og:url\" content=\"https:\/\/rbk-lineaire.fr\/index.php\/thk\/\" \/>\n<meta property=\"og:site_name\" content=\"RBK Lin\u00e9aire\" \/>\n<meta property=\"article:publisher\" content=\"https:\/\/www.facebook.com\/RBKRoulements\/\" \/>\n<meta property=\"article:modified_time\" content=\"2020-01-30T10:42:51+00:00\" \/>\n<meta name=\"twitter:card\" content=\"summary_large_image\" \/>\n<meta name=\"twitter:label1\" content=\"Dur\u00e9e de lecture estim\u00e9e\" \/>\n\t<meta name=\"twitter:data1\" content=\"2 minutes\" \/>\n<script type=\"application\/ld+json\" class=\"yoast-schema-graph\">{\"@context\":\"https:\\\/\\\/schema.org\",\"@graph\":[{\"@type\":\"WebPage\",\"@id\":\"https:\\\/\\\/rbk-lineaire.fr\\\/index.php\\\/thk\\\/\",\"url\":\"https:\\\/\\\/rbk-lineaire.fr\\\/index.php\\\/thk\\\/\",\"name\":\"THK - Pr\u00e9sentation gamme Guidage Lin\u00e9aire - RBK Lin\u00e9aire\",\"isPartOf\":{\"@id\":\"https:\\\/\\\/rbk-lineaire.fr\\\/#website\"},\"datePublished\":\"2020-01-20T16:14:53+00:00\",\"dateModified\":\"2020-01-30T10:42:51+00:00\",\"description\":\"RBK Lin\u00e9aire vous propose la gamme lin\u00e9aire THK : guidage \u00e0 billes sur rails, guidage \u00e0 rouleaux sur rails, guidage courbe, guide \u00e0 rouleaux crois\u00e9s, vis ...\",\"breadcrumb\":{\"@id\":\"https:\\\/\\\/rbk-lineaire.fr\\\/index.php\\\/thk\\\/#breadcrumb\"},\"inLanguage\":\"fr-FR\",\"potentialAction\":[{\"@type\":\"ReadAction\",\"target\":[\"https:\\\/\\\/rbk-lineaire.fr\\\/index.php\\\/thk\\\/\"]}]},{\"@type\":\"BreadcrumbList\",\"@id\":\"https:\\\/\\\/rbk-lineaire.fr\\\/index.php\\\/thk\\\/#breadcrumb\",\"itemListElement\":[{\"@type\":\"ListItem\",\"position\":1,\"name\":\"Accueil\",\"item\":\"https:\\\/\\\/rbk-lineaire.fr\\\/\"},{\"@type\":\"ListItem\",\"position\":2,\"name\":\"THK\"}]},{\"@type\":\"WebSite\",\"@id\":\"https:\\\/\\\/rbk-lineaire.fr\\\/#website\",\"url\":\"https:\\\/\\\/rbk-lineaire.fr\\\/\",\"name\":\"RBK Lin\u00e9aire\",\"description\":\"Site vitrine de tous types de guidage lin\u00e9aire\",\"publisher\":{\"@id\":\"https:\\\/\\\/rbk-lineaire.fr\\\/#organization\"},\"potentialAction\":[{\"@type\":\"SearchAction\",\"target\":{\"@type\":\"EntryPoint\",\"urlTemplate\":\"https:\\\/\\\/rbk-lineaire.fr\\\/?s={search_term_string}\"},\"query-input\":{\"@type\":\"PropertyValueSpecification\",\"valueRequired\":true,\"valueName\":\"search_term_string\"}}],\"inLanguage\":\"fr-FR\"},{\"@type\":\"Organization\",\"@id\":\"https:\\\/\\\/rbk-lineaire.fr\\\/#organization\",\"name\":\"RBK Lin\u00e9aire\",\"url\":\"https:\\\/\\\/rbk-lineaire.fr\\\/\",\"logo\":{\"@type\":\"ImageObject\",\"inLanguage\":\"fr-FR\",\"@id\":\"https:\\\/\\\/rbk-lineaire.fr\\\/#\\\/schema\\\/logo\\\/image\\\/\",\"url\":\"https:\\\/\\\/rbk-lineaire.fr\\\/wp-content\\\/uploads\\\/2019\\\/04\\\/RBK-LINEAIRE-LOGOx152.png\",\"contentUrl\":\"https:\\\/\\\/rbk-lineaire.fr\\\/wp-content\\\/uploads\\\/2019\\\/04\\\/RBK-LINEAIRE-LOGOx152.png\",\"width\":109,\"height\":152,\"caption\":\"RBK Lin\u00e9aire\"},\"image\":{\"@id\":\"https:\\\/\\\/rbk-lineaire.fr\\\/#\\\/schema\\\/logo\\\/image\\\/\"},\"sameAs\":[\"https:\\\/\\\/www.facebook.com\\\/RBKRoulements\\\/\",\"https:\\\/\\\/www.linkedin.com\\\/company\\\/rbk-roulement\\\/\"]}]}<\/script>\n<!-- \/ Yoast SEO Premium plugin. -->","yoast_head_json":{"title":"THK - Pr\u00e9sentation gamme Guidage Lin\u00e9aire - RBK Lin\u00e9aire","description":"RBK Lin\u00e9aire vous propose la gamme lin\u00e9aire THK : guidage \u00e0 billes sur rails, guidage \u00e0 rouleaux sur rails, guidage courbe, guide \u00e0 rouleaux crois\u00e9s, vis ...","robots":{"index":"index","follow":"follow","max-snippet":"max-snippet:-1","max-image-preview":"max-image-preview:large","max-video-preview":"max-video-preview:-1"},"canonical":"https:\/\/rbk-lineaire.fr\/index.php\/thk\/","og_locale":"fr_FR","og_type":"article","og_title":"THK","og_description":"RBK Lin\u00e9aire vous propose la gamme lin\u00e9aire THK : guidage \u00e0 billes sur rails, guidage \u00e0 rouleaux sur rails, guidage courbe, guide \u00e0 rouleaux crois\u00e9s, vis ...","og_url":"https:\/\/rbk-lineaire.fr\/index.php\/thk\/","og_site_name":"RBK Lin\u00e9aire","article_publisher":"https:\/\/www.facebook.com\/RBKRoulements\/","article_modified_time":"2020-01-30T10:42:51+00:00","twitter_card":"summary_large_image","twitter_misc":{"Dur\u00e9e de lecture estim\u00e9e":"2 minutes"},"schema":{"@context":"https:\/\/schema.org","@graph":[{"@type":"WebPage","@id":"https:\/\/rbk-lineaire.fr\/index.php\/thk\/","url":"https:\/\/rbk-lineaire.fr\/index.php\/thk\/","name":"THK - Pr\u00e9sentation gamme Guidage Lin\u00e9aire - RBK Lin\u00e9aire","isPartOf":{"@id":"https:\/\/rbk-lineaire.fr\/#website"},"datePublished":"2020-01-20T16:14:53+00:00","dateModified":"2020-01-30T10:42:51+00:00","description":"RBK Lin\u00e9aire vous propose la gamme lin\u00e9aire THK : guidage \u00e0 billes sur rails, guidage \u00e0 rouleaux sur rails, guidage courbe, guide \u00e0 rouleaux crois\u00e9s, vis ...","breadcrumb":{"@id":"https:\/\/rbk-lineaire.fr\/index.php\/thk\/#breadcrumb"},"inLanguage":"fr-FR","potentialAction":[{"@type":"ReadAction","target":["https:\/\/rbk-lineaire.fr\/index.php\/thk\/"]}]},{"@type":"BreadcrumbList","@id":"https:\/\/rbk-lineaire.fr\/index.php\/thk\/#breadcrumb","itemListElement":[{"@type":"ListItem","position":1,"name":"Accueil","item":"https:\/\/rbk-lineaire.fr\/"},{"@type":"ListItem","position":2,"name":"THK"}]},{"@type":"WebSite","@id":"https:\/\/rbk-lineaire.fr\/#website","url":"https:\/\/rbk-lineaire.fr\/","name":"RBK Lin\u00e9aire","description":"Site vitrine de tous types de guidage lin\u00e9aire","publisher":{"@id":"https:\/\/rbk-lineaire.fr\/#organization"},"potentialAction":[{"@type":"SearchAction","target":{"@type":"EntryPoint","urlTemplate":"https:\/\/rbk-lineaire.fr\/?s={search_term_string}"},"query-input":{"@type":"PropertyValueSpecification","valueRequired":true,"valueName":"search_term_string"}}],"inLanguage":"fr-FR"},{"@type":"Organization","@id":"https:\/\/rbk-lineaire.fr\/#organization","name":"RBK Lin\u00e9aire","url":"https:\/\/rbk-lineaire.fr\/","logo":{"@type":"ImageObject","inLanguage":"fr-FR","@id":"https:\/\/rbk-lineaire.fr\/#\/schema\/logo\/image\/","url":"https:\/\/rbk-lineaire.fr\/wp-content\/uploads\/2019\/04\/RBK-LINEAIRE-LOGOx152.png","contentUrl":"https:\/\/rbk-lineaire.fr\/wp-content\/uploads\/2019\/04\/RBK-LINEAIRE-LOGOx152.png","width":109,"height":152,"caption":"RBK Lin\u00e9aire"},"image":{"@id":"https:\/\/rbk-lineaire.fr\/#\/schema\/logo\/image\/"},"sameAs":["https:\/\/www.facebook.com\/RBKRoulements\/","https:\/\/www.linkedin.com\/company\/rbk-roulement\/"]}]}},"_links":{"self":[{"href":"https:\/\/rbk-lineaire.fr\/index.php\/wp-json\/wp\/v2\/pages\/56716","targetHints":{"allow":["GET"]}}],"collection":[{"href":"https:\/\/rbk-lineaire.fr\/index.php\/wp-json\/wp\/v2\/pages"}],"about":[{"href":"https:\/\/rbk-lineaire.fr\/index.php\/wp-json\/wp\/v2\/types\/page"}],"author":[{"embeddable":true,"href":"https:\/\/rbk-lineaire.fr\/index.php\/wp-json\/wp\/v2\/users\/1"}],"replies":[{"embeddable":true,"href":"https:\/\/rbk-lineaire.fr\/index.php\/wp-json\/wp\/v2\/comments?post=56716"}],"version-history":[{"count":6,"href":"https:\/\/rbk-lineaire.fr\/index.php\/wp-json\/wp\/v2\/pages\/56716\/revisions"}],"predecessor-version":[{"id":56782,"href":"https:\/\/rbk-lineaire.fr\/index.php\/wp-json\/wp\/v2\/pages\/56716\/revisions\/56782"}],"wp:attachment":[{"href":"https:\/\/rbk-lineaire.fr\/index.php\/wp-json\/wp\/v2\/media?parent=56716"}],"curies":[{"name":"wp","href":"https:\/\/api.w.org\/{rel}","templated":true}]}}