{"id":56785,"date":"2020-01-30T15:04:47","date_gmt":"2020-01-30T14:04:47","guid":{"rendered":"https:\/\/rbk-lineaire.fr\/?page_id=56785"},"modified":"2023-04-12T15:23:23","modified_gmt":"2023-04-12T13:23:23","slug":"atelier-lineaire","status":"publish","type":"page","link":"https:\/\/rbk-lineaire.fr\/index.php\/atelier-lineaire\/","title":{"rendered":"ATELIER LINEAIRE"},"content":{"rendered":"<p>[vc_row][vc_column][vc_column_text]Pour commencer, RBK Lin\u00e9aire vous propose de faire appel \u00e0 son atelier lin\u00e9aire pour vos demandes personnalis\u00e9es sur plan en :[\/vc_column_text][\/vc_column][\/vc_row][vc_row][vc_column]<div class=\"smile_icon_list_wrap ult_info_list_container ult-adjust-bottom-margin  \"><ul class=\"smile_icon_list left square with_bg\"><li class=\"icon_list_item\" style=\" font-size:72px;\"><div class=\"icon_list_icon\" data-animation=\"\" data-animation-delay=\"03\" style=\"font-size:24px;border-width:1px;border-style:none;background:#ffffff;color:#333333;border-color:#333333;\"><i class=\"\" ><\/i><\/div><div class=\"icon_description\" id=\"Info-list-wrap-9922\" style=\"font-size:24px;\"><div class=\"icon_description_text ult-responsive\"  data-ultimate-target='#Info-list-wrap-9922 .icon_description_text'  data-responsive-json-new='{\"font-size\":\"desktop:13px;\",\"line-height\":\"desktop:18px;\"}'  style=\"\"><ul>\n<li>coupe &#8211; <b><i>D\u00e9lai : 1 semaine<\/i><\/b><\/li>\n<\/ul>\n<\/div><\/div><div class=\"icon_list_connector\"  style=\"border-right-width: 1px;border-right-style: dashed;border-color: #333333;\"><\/div><\/li><li class=\"icon_list_item\" style=\" font-size:72px;\"><div class=\"icon_list_icon\" data-animation=\"\" data-animation-delay=\"03\" style=\"font-size:24px;border-width:1px;border-style:none;background:#ffffff;color:#333333;border-color:#333333;\"><i class=\"\" ><\/i><\/div><div class=\"icon_description\" id=\"Info-list-wrap-8773\" style=\"font-size:24px;\"><div class=\"icon_description_text ult-responsive\"  data-ultimate-target='#Info-list-wrap-8773 .icon_description_text'  data-responsive-json-new='{\"font-size\":\"desktop:13px;\",\"line-height\":\"desktop:18px;\"}'  style=\"\"><ul>\n<li>aboutage (tol\u00e9rance de l&rsquo;aboutage 1\/100) &#8211; <b><i>D\u00e9lai\u00a0: 1 semaine<\/i><\/b><\/li>\n<\/ul>\n<\/div><\/div><div class=\"icon_list_connector\"  style=\"border-right-width: 1px;border-right-style: dashed;border-color: #333333;\"><\/div><\/li><li class=\"icon_list_item\" style=\" font-size:72px;\"><div class=\"icon_list_icon\" data-animation=\"\" data-animation-delay=\"03\" style=\"font-size:24px;border-width:1px;border-style:none;background:#ffffff;color:#333333;border-color:#333333;\"><i class=\"\" ><\/i><\/div><div class=\"icon_description\" id=\"Info-list-wrap-7507\" style=\"font-size:24px;\"><div class=\"icon_description_text ult-responsive\"  data-ultimate-target='#Info-list-wrap-7507 .icon_description_text'  data-responsive-json-new='{\"font-size\":\"desktop:13px;\",\"line-height\":\"desktop:18px;\"}'  style=\"\"><ul>\n<li>usinage d&#8217;embouts de vis \u00e0 billes &#8211; <b><i>D\u00e9lai\u00a0: 2 semaines<\/i><\/b><\/li>\n<\/ul>\n<\/div><\/div><div class=\"icon_list_connector\"  style=\"border-right-width: 1px;border-right-style: dashed;border-color: #333333;\"><\/div><\/li><\/ul><\/div>[vc_empty_space][\/vc_column][\/vc_row][vc_row][vc_column width=\u00a0\u00bb1\/3&Prime;][vc_single_image image=\u00a0\u00bb56790&Prime; img_size=\u00a0\u00bb337*275&Prime; title=\u00a0\u00bbAtelier de coupe et d\u2019aboutage\u00a0\u00bb][\/vc_column][vc_column width=\u00a0\u00bb1\/3&Prime;][vc_single_image image=\u00a0\u00bb56789&Prime; img_size=\u00a0\u00bb337*275&Prime; title=\u00a0\u00bbUsinage d\u2019embouts de vis \u00e0 billes\u00a0\u00bb][\/vc_column][vc_column width=\u00a0\u00bb1\/3&Prime;][\/vc_column][\/vc_row][vc_row][vc_column][vc_empty_space][vc_column_text]N&rsquo;h\u00e9sitez pas \u00e0 nous retourner le <a href=\"https:\/\/rbk-lineaire.fr\/index.php\/cahier-des-charges\/\" target=\"_blank\" rel=\"noopener\">cahier des charges de guidage \u00e0 billes <\/a>compl\u00e9t\u00e9 afin que nous puissions r\u00e9pondre \u00e0 votre demande.[\/vc_column_text][\/vc_column][\/vc_row][vc_row][vc_column][vc_empty_space][vc_column_text]Et le <a href=\"https:\/\/rbk-lineaire.fr\/index.php\/cahier-des-charges\/\" target=\"_blank\" rel=\"noopener noreferrer\">cahier des charges sur vos demandes en vis \u00e0 billes et vis \u00e0 rouleaux.<\/a>[\/vc_column_text][vc_empty_space][\/vc_column][\/vc_row][vc_row][vc_column][vc_empty_space][vc_empty_space][\/vc_column][\/vc_row][vc_row][vc_column width=\u00a0\u00bb1\/3&Prime;][vc_single_image image=\u00a0\u00bb56788&Prime; img_size=\u00a0\u00bb337*275&Prime; title=\u00a0\u00bbStock rails premium\u00a0\u00bb][\/vc_column][vc_column width=\u00a0\u00bb1\/3&Prime;][vc_single_image image=\u00a0\u00bb56787&Prime; img_size=\u00a0\u00bb337*275&Prime; title=\u00a0\u00bbStock vis \u00e0 billes\u00a0\u00bb][\/vc_column][vc_column width=\u00a0\u00bb1\/3&Prime;][vc_single_image image=\u00a0\u00bb56786&Prime; img_size=\u00a0\u00bb337*275&Prime; title=\u00a0\u00bbStock arbres premium\u00a0\u00bb][\/vc_column][\/vc_row][vc_row][vc_column][vc_empty_space][vc_column_text]<a href=\"https:\/\/rbk-lineaire.fr\/\" target=\"_blank\" rel=\"noopener\">Retrouvez \u00e9galement notre site d\u00e9di\u00e9 aux composants lin\u00e9aires : RBK Lin\u00e9aire<\/a>[\/vc_column_text][vc_empty_space][\/vc_column][\/vc_row][vc_row][vc_column][vc_empty_space][vc_empty_space][\/vc_column][\/vc_row][vc_row][vc_column]<style type=\"text\/css\" data-type=\"the7_shortcodes-inline-css\">.dt-shortcode-soc-icons.soc-icons-6d3d70cdad80c3022dac88b2b035272f a {\n  margin-right: 4px;\n}\n.dt-shortcode-soc-icons a.soc-icons-6d3d70cdad80c3022dac88b2b035272f {\n  margin-right: 4px;\n}\n.dt-shortcode-soc-icons a.soc-icons-6d3d70cdad80c3022dac88b2b035272f:last-child {\n  margin-right: 0;\n}\n.dt-shortcode-soc-icons a.soc-icons-6d3d70cdad80c3022dac88b2b035272f:before,\n.dt-shortcode-soc-icons a.soc-icons-6d3d70cdad80c3022dac88b2b035272f:after {\n  padding: inherit;\n}\n.dt-shortcode-soc-icons a.soc-icons-6d3d70cdad80c3022dac88b2b035272f.dt-icon-border-on:before {\n  border:  solid ;\n}\n.dt-shortcode-soc-icons a.soc-icons-6d3d70cdad80c3022dac88b2b035272f.dt-icon-hover-border-on:after {\n  border:  solid ;\n}\n<\/style><div class=\"dt-shortcode-soc-icons  soc-icons-6d3d70cdad80c3022dac88b2b035272f soc-icons-center \" ><style type=\"text\/css\" data-type=\"the7_shortcodes-inline-css\">.dt-shortcode-soc-icons a.single-soc-icon-a547532ce130d0852edc87b6e3cea253 {\n  min-width: 26px;\n  min-height: 26px;\n  font-size: 16px;\n  border-radius: 100px;\n}\n.dt-shortcode-soc-icons a.single-soc-icon-a547532ce130d0852edc87b6e3cea253:last-child {\n  margin-right: 0;\n}\n.dt-shortcode-soc-icons a.single-soc-icon-a547532ce130d0852edc87b6e3cea253:before,\n.dt-shortcode-soc-icons a.single-soc-icon-a547532ce130d0852edc87b6e3cea253:after {\n  min-width: 26px;\n  min-height: 26px;\n  padding: inherit;\n}\n.dt-shortcode-soc-icons a.single-soc-icon-a547532ce130d0852edc87b6e3cea253.dt-icon-border-on:before {\n  border: 0px solid ;\n}\n.dt-shortcode-soc-icons a.single-soc-icon-a547532ce130d0852edc87b6e3cea253.dt-icon-hover-border-on:after {\n  border: 0px solid ;\n}\n.dt-shortcode-soc-icons a.single-soc-icon-a547532ce130d0852edc87b6e3cea253:hover {\n  font-size: 16px;\n}\n#page .dt-shortcode-soc-icons a.single-soc-icon-a547532ce130d0852edc87b6e3cea253:hover .soc-font-icon,\n#phantom .dt-shortcode-soc-icons a.single-soc-icon-a547532ce130d0852edc87b6e3cea253:hover .soc-font-icon,\n#page .dt-shortcode-soc-icons a.single-soc-icon-a547532ce130d0852edc87b6e3cea253:hover .soc-icon,\n#phantom .dt-shortcode-soc-icons a.single-soc-icon-a547532ce130d0852edc87b6e3cea253:hover .soc-icon {\n  color: rgba(255,255,255,0.75);\n  background: none;\n}\n#page .dt-shortcode-soc-icons a.single-soc-icon-a547532ce130d0852edc87b6e3cea253:not(:hover) .soc-font-icon,\n#phantom .dt-shortcode-soc-icons a.single-soc-icon-a547532ce130d0852edc87b6e3cea253:not(:hover) .soc-font-icon,\n#page .dt-shortcode-soc-icons a.single-soc-icon-a547532ce130d0852edc87b6e3cea253:not(:hover) .soc-icon,\n#phantom .dt-shortcode-soc-icons a.single-soc-icon-a547532ce130d0852edc87b6e3cea253:not(:hover) .soc-icon {\n  color: #ffffff;\n  background: none;\n}\n.dt-shortcode-soc-icons a.single-soc-icon-a547532ce130d0852edc87b6e3cea253 .soc-font-icon,\n.dt-shortcode-soc-icons a.single-soc-icon-a547532ce130d0852edc87b6e3cea253 .soc-icon {\n  font-size: 16px;\n}\n<\/style><a title=\"LinkedIn\" href=\"https:\/\/www.linkedin.com\/company\/11077605\/admin\/\"  target=\"_blank\"class=\"linkedin single-soc-icon-a547532ce130d0852edc87b6e3cea253 dt-icon-bg-on dt-icon-border-on dt-icon-hover-border-on dt-icon-hover-bg-on  \" ><i class=\"soc-icon soc-font-icon dt-icon-linkedin\"><\/i><span class=\"screen-reader-text\">LinkedIn<\/span><\/a><style type=\"text\/css\" data-type=\"the7_shortcodes-inline-css\">.dt-shortcode-soc-icons a.single-soc-icon-254046ec861303eaa51afae8ec008082 {\n  min-width: 26px;\n  min-height: 26px;\n  font-size: 16px;\n  border-radius: 100px;\n}\n.dt-shortcode-soc-icons a.single-soc-icon-254046ec861303eaa51afae8ec008082:last-child {\n  margin-right: 0;\n}\n.dt-shortcode-soc-icons a.single-soc-icon-254046ec861303eaa51afae8ec008082:before,\n.dt-shortcode-soc-icons a.single-soc-icon-254046ec861303eaa51afae8ec008082:after {\n  min-width: 26px;\n  min-height: 26px;\n  padding: inherit;\n}\n.dt-shortcode-soc-icons a.single-soc-icon-254046ec861303eaa51afae8ec008082.dt-icon-border-on:before {\n  border: 0px solid ;\n}\n.dt-shortcode-soc-icons a.single-soc-icon-254046ec861303eaa51afae8ec008082.dt-icon-hover-border-on:after {\n  border: 0px solid ;\n}\n.dt-shortcode-soc-icons a.single-soc-icon-254046ec861303eaa51afae8ec008082:hover {\n  font-size: 16px;\n}\n#page .dt-shortcode-soc-icons a.single-soc-icon-254046ec861303eaa51afae8ec008082:hover .soc-font-icon,\n#phantom .dt-shortcode-soc-icons a.single-soc-icon-254046ec861303eaa51afae8ec008082:hover .soc-font-icon,\n#page .dt-shortcode-soc-icons a.single-soc-icon-254046ec861303eaa51afae8ec008082:hover .soc-icon,\n#phantom .dt-shortcode-soc-icons a.single-soc-icon-254046ec861303eaa51afae8ec008082:hover .soc-icon {\n  color: rgba(255,255,255,0.75);\n  background: none;\n}\n#page .dt-shortcode-soc-icons a.single-soc-icon-254046ec861303eaa51afae8ec008082:not(:hover) .soc-font-icon,\n#phantom .dt-shortcode-soc-icons a.single-soc-icon-254046ec861303eaa51afae8ec008082:not(:hover) .soc-font-icon,\n#page .dt-shortcode-soc-icons a.single-soc-icon-254046ec861303eaa51afae8ec008082:not(:hover) .soc-icon,\n#phantom .dt-shortcode-soc-icons a.single-soc-icon-254046ec861303eaa51afae8ec008082:not(:hover) .soc-icon {\n  color: #ffffff;\n  background: none;\n}\n.dt-shortcode-soc-icons a.single-soc-icon-254046ec861303eaa51afae8ec008082 .soc-font-icon,\n.dt-shortcode-soc-icons a.single-soc-icon-254046ec861303eaa51afae8ec008082 .soc-icon {\n  font-size: 16px;\n}\n<\/style><a title=\"Facebook\" href=\"https:\/\/www.facebook.com\/RBKRoulements\/\"  target=\"_blank\"class=\"facebook single-soc-icon-254046ec861303eaa51afae8ec008082 dt-icon-bg-on dt-icon-border-on dt-icon-hover-border-on dt-icon-hover-bg-on  \" ><i class=\"soc-icon soc-font-icon dt-icon-facebook\"><\/i><span class=\"screen-reader-text\">Facebook<\/span><\/a><style type=\"text\/css\" data-type=\"the7_shortcodes-inline-css\">.dt-shortcode-soc-icons a.single-soc-icon-fd63ec5af18d298d3e1a8b44e3e3806c {\n  min-width: 26px;\n  min-height: 26px;\n  font-size: 16px;\n  border-radius: 100px;\n}\n.dt-shortcode-soc-icons a.single-soc-icon-fd63ec5af18d298d3e1a8b44e3e3806c:last-child {\n  margin-right: 0;\n}\n.dt-shortcode-soc-icons a.single-soc-icon-fd63ec5af18d298d3e1a8b44e3e3806c:before,\n.dt-shortcode-soc-icons a.single-soc-icon-fd63ec5af18d298d3e1a8b44e3e3806c:after {\n  min-width: 26px;\n  min-height: 26px;\n  padding: inherit;\n}\n.dt-shortcode-soc-icons a.single-soc-icon-fd63ec5af18d298d3e1a8b44e3e3806c.dt-icon-border-on:before {\n  border: 0px solid ;\n}\n.dt-shortcode-soc-icons a.single-soc-icon-fd63ec5af18d298d3e1a8b44e3e3806c.dt-icon-hover-border-on:after {\n  border: 0px solid ;\n}\n.dt-shortcode-soc-icons a.single-soc-icon-fd63ec5af18d298d3e1a8b44e3e3806c:hover {\n  font-size: 16px;\n}\n#page .dt-shortcode-soc-icons a.single-soc-icon-fd63ec5af18d298d3e1a8b44e3e3806c:hover .soc-font-icon,\n#phantom .dt-shortcode-soc-icons a.single-soc-icon-fd63ec5af18d298d3e1a8b44e3e3806c:hover .soc-font-icon,\n#page .dt-shortcode-soc-icons a.single-soc-icon-fd63ec5af18d298d3e1a8b44e3e3806c:hover .soc-icon,\n#phantom .dt-shortcode-soc-icons a.single-soc-icon-fd63ec5af18d298d3e1a8b44e3e3806c:hover .soc-icon {\n  color: rgba(255,255,255,0.75);\n  background: none;\n}\n#page .dt-shortcode-soc-icons a.single-soc-icon-fd63ec5af18d298d3e1a8b44e3e3806c:not(:hover) .soc-font-icon,\n#phantom .dt-shortcode-soc-icons a.single-soc-icon-fd63ec5af18d298d3e1a8b44e3e3806c:not(:hover) .soc-font-icon,\n#page .dt-shortcode-soc-icons a.single-soc-icon-fd63ec5af18d298d3e1a8b44e3e3806c:not(:hover) .soc-icon,\n#phantom .dt-shortcode-soc-icons a.single-soc-icon-fd63ec5af18d298d3e1a8b44e3e3806c:not(:hover) .soc-icon {\n  color: #ffffff;\n  background: none;\n}\n.dt-shortcode-soc-icons a.single-soc-icon-fd63ec5af18d298d3e1a8b44e3e3806c .soc-font-icon,\n.dt-shortcode-soc-icons a.single-soc-icon-fd63ec5af18d298d3e1a8b44e3e3806c .soc-icon {\n  font-size: 16px;\n}\n<\/style><a title=\"Twitter\" href=\"https:\/\/twitter.com\/RBKRoulements\/?utm_source=RBK+Roulements+Bearings+Kugellager-+Export&amp;utm_campaign=585bbc0ca4-EMAIL_CAMPAIGN_2017_06_13&amp;utm_medium=email&amp;utm_term=0_aa5de2cb53-585bbc0ca4-85987327\"  target=\"_blank\"class=\"twitter single-soc-icon-fd63ec5af18d298d3e1a8b44e3e3806c dt-icon-bg-on dt-icon-border-on dt-icon-hover-border-on dt-icon-hover-bg-on  \" ><i class=\"soc-icon soc-font-icon dt-icon-twitter\"><\/i><span class=\"screen-reader-text\">Twitter<\/span><\/a><\/div>[\/vc_column][\/vc_row]<\/p>\n","protected":false},"excerpt":{"rendered":"<p>[vc_row][vc_column][vc_column_text]Pour commencer, RBK Lin\u00e9aire vous propose de faire appel \u00e0 son atelier lin\u00e9aire pour vos demandes personnalis\u00e9es sur plan en :[\/vc_column_text][\/vc_column][\/vc_row][vc_row][vc_column][vc_empty_space][\/vc_column][\/vc_row][vc_row][vc_column width=\u00a0\u00bb1\/3&Prime;][vc_single_image image=\u00a0\u00bb56790&Prime; img_size=\u00a0\u00bb337*275&Prime; title=\u00a0\u00bbAtelier de coupe et d\u2019aboutage\u00a0\u00bb][\/vc_column][vc_column width=\u00a0\u00bb1\/3&Prime;][vc_single_image image=\u00a0\u00bb56789&Prime; img_size=\u00a0\u00bb337*275&Prime; title=\u00a0\u00bbUsinage d\u2019embouts de vis \u00e0 billes\u00a0\u00bb][\/vc_column][vc_column width=\u00a0\u00bb1\/3&Prime;][\/vc_column][\/vc_row][vc_row][vc_column][vc_empty_space][vc_column_text]N&rsquo;h\u00e9sitez pas \u00e0 nous retourner le cahier des charges de guidage \u00e0 billes compl\u00e9t\u00e9 afin que nous&hellip;<\/p>\n","protected":false},"author":1,"featured_media":0,"parent":0,"menu_order":0,"comment_status":"closed","ping_status":"closed","template":"","meta":{"footnotes":""},"class_list":["post-56785","page","type-page","status-publish","hentry","description-off"],"yoast_head":"<!-- This site is optimized with the Yoast SEO Premium plugin v26.5 (Yoast SEO v27.5) - https:\/\/yoast.com\/product\/yoast-seo-premium-wordpress\/ -->\n<title>Atelier lin\u00e9aire, du sur mesure chez RBK Lin\u00e9aire - stock de rails, arbres<\/title>\n<meta name=\"description\" content=\"Atelier lin\u00e9aire de vos pi\u00e8ces industrielles : pour la coupe, la d\u00e9coupe, l&#039;aboutage, l&#039;usinage d&#039;embouts et de vis \u00e0 billes\" \/>\n<meta name=\"robots\" content=\"index, follow, max-snippet:-1, max-image-preview:large, max-video-preview:-1\" \/>\n<link rel=\"canonical\" href=\"https:\/\/rbk-lineaire.fr\/index.php\/atelier-lineaire\/\" \/>\n<meta property=\"og:locale\" content=\"fr_FR\" \/>\n<meta property=\"og:type\" content=\"article\" \/>\n<meta property=\"og:title\" content=\"ATELIER LINEAIRE\" \/>\n<meta property=\"og:description\" content=\"Atelier lin\u00e9aire de vos pi\u00e8ces industrielles : pour la coupe, la d\u00e9coupe, l&#039;aboutage, l&#039;usinage d&#039;embouts et de vis \u00e0 billes\" \/>\n<meta property=\"og:url\" content=\"https:\/\/rbk-lineaire.fr\/index.php\/atelier-lineaire\/\" \/>\n<meta property=\"og:site_name\" content=\"RBK Lin\u00e9aire\" \/>\n<meta property=\"article:publisher\" content=\"https:\/\/www.facebook.com\/RBKRoulements\/\" \/>\n<meta property=\"article:modified_time\" content=\"2023-04-12T13:23:23+00:00\" \/>\n<meta name=\"twitter:card\" content=\"summary_large_image\" \/>\n<meta name=\"twitter:label1\" content=\"Dur\u00e9e de lecture estim\u00e9e\" \/>\n\t<meta name=\"twitter:data1\" content=\"1 minute\" \/>\n<script type=\"application\/ld+json\" class=\"yoast-schema-graph\">{\"@context\":\"https:\\\/\\\/schema.org\",\"@graph\":[{\"@type\":\"WebPage\",\"@id\":\"https:\\\/\\\/rbk-lineaire.fr\\\/index.php\\\/atelier-lineaire\\\/\",\"url\":\"https:\\\/\\\/rbk-lineaire.fr\\\/index.php\\\/atelier-lineaire\\\/\",\"name\":\"Atelier lin\u00e9aire, du sur mesure chez RBK Lin\u00e9aire - stock de rails, arbres\",\"isPartOf\":{\"@id\":\"https:\\\/\\\/rbk-lineaire.fr\\\/#website\"},\"datePublished\":\"2020-01-30T14:04:47+00:00\",\"dateModified\":\"2023-04-12T13:23:23+00:00\",\"description\":\"Atelier lin\u00e9aire de vos pi\u00e8ces industrielles : pour la coupe, la d\u00e9coupe, l'aboutage, l'usinage d'embouts et de vis \u00e0 billes\",\"breadcrumb\":{\"@id\":\"https:\\\/\\\/rbk-lineaire.fr\\\/index.php\\\/atelier-lineaire\\\/#breadcrumb\"},\"inLanguage\":\"fr-FR\",\"potentialAction\":[{\"@type\":\"ReadAction\",\"target\":[\"https:\\\/\\\/rbk-lineaire.fr\\\/index.php\\\/atelier-lineaire\\\/\"]}]},{\"@type\":\"BreadcrumbList\",\"@id\":\"https:\\\/\\\/rbk-lineaire.fr\\\/index.php\\\/atelier-lineaire\\\/#breadcrumb\",\"itemListElement\":[{\"@type\":\"ListItem\",\"position\":1,\"name\":\"Accueil\",\"item\":\"https:\\\/\\\/rbk-lineaire.fr\\\/\"},{\"@type\":\"ListItem\",\"position\":2,\"name\":\"ATELIER LINEAIRE\"}]},{\"@type\":\"WebSite\",\"@id\":\"https:\\\/\\\/rbk-lineaire.fr\\\/#website\",\"url\":\"https:\\\/\\\/rbk-lineaire.fr\\\/\",\"name\":\"RBK Lin\u00e9aire\",\"description\":\"Site vitrine de tous types de guidage lin\u00e9aire\",\"publisher\":{\"@id\":\"https:\\\/\\\/rbk-lineaire.fr\\\/#organization\"},\"potentialAction\":[{\"@type\":\"SearchAction\",\"target\":{\"@type\":\"EntryPoint\",\"urlTemplate\":\"https:\\\/\\\/rbk-lineaire.fr\\\/?s={search_term_string}\"},\"query-input\":{\"@type\":\"PropertyValueSpecification\",\"valueRequired\":true,\"valueName\":\"search_term_string\"}}],\"inLanguage\":\"fr-FR\"},{\"@type\":\"Organization\",\"@id\":\"https:\\\/\\\/rbk-lineaire.fr\\\/#organization\",\"name\":\"RBK Lin\u00e9aire\",\"url\":\"https:\\\/\\\/rbk-lineaire.fr\\\/\",\"logo\":{\"@type\":\"ImageObject\",\"inLanguage\":\"fr-FR\",\"@id\":\"https:\\\/\\\/rbk-lineaire.fr\\\/#\\\/schema\\\/logo\\\/image\\\/\",\"url\":\"https:\\\/\\\/rbk-lineaire.fr\\\/wp-content\\\/uploads\\\/2019\\\/04\\\/RBK-LINEAIRE-LOGOx152.png\",\"contentUrl\":\"https:\\\/\\\/rbk-lineaire.fr\\\/wp-content\\\/uploads\\\/2019\\\/04\\\/RBK-LINEAIRE-LOGOx152.png\",\"width\":109,\"height\":152,\"caption\":\"RBK Lin\u00e9aire\"},\"image\":{\"@id\":\"https:\\\/\\\/rbk-lineaire.fr\\\/#\\\/schema\\\/logo\\\/image\\\/\"},\"sameAs\":[\"https:\\\/\\\/www.facebook.com\\\/RBKRoulements\\\/\",\"https:\\\/\\\/www.linkedin.com\\\/company\\\/rbk-roulement\\\/\"]}]}<\/script>\n<!-- \/ Yoast SEO Premium plugin. -->","yoast_head_json":{"title":"Atelier lin\u00e9aire, du sur mesure chez RBK Lin\u00e9aire - stock de rails, arbres","description":"Atelier lin\u00e9aire de vos pi\u00e8ces industrielles : pour la coupe, la d\u00e9coupe, l'aboutage, l'usinage d'embouts et de vis \u00e0 billes","robots":{"index":"index","follow":"follow","max-snippet":"max-snippet:-1","max-image-preview":"max-image-preview:large","max-video-preview":"max-video-preview:-1"},"canonical":"https:\/\/rbk-lineaire.fr\/index.php\/atelier-lineaire\/","og_locale":"fr_FR","og_type":"article","og_title":"ATELIER LINEAIRE","og_description":"Atelier lin\u00e9aire de vos pi\u00e8ces industrielles : pour la coupe, la d\u00e9coupe, l'aboutage, l'usinage d'embouts et de vis \u00e0 billes","og_url":"https:\/\/rbk-lineaire.fr\/index.php\/atelier-lineaire\/","og_site_name":"RBK Lin\u00e9aire","article_publisher":"https:\/\/www.facebook.com\/RBKRoulements\/","article_modified_time":"2023-04-12T13:23:23+00:00","twitter_card":"summary_large_image","twitter_misc":{"Dur\u00e9e de lecture estim\u00e9e":"1 minute"},"schema":{"@context":"https:\/\/schema.org","@graph":[{"@type":"WebPage","@id":"https:\/\/rbk-lineaire.fr\/index.php\/atelier-lineaire\/","url":"https:\/\/rbk-lineaire.fr\/index.php\/atelier-lineaire\/","name":"Atelier lin\u00e9aire, du sur mesure chez RBK Lin\u00e9aire - stock de rails, arbres","isPartOf":{"@id":"https:\/\/rbk-lineaire.fr\/#website"},"datePublished":"2020-01-30T14:04:47+00:00","dateModified":"2023-04-12T13:23:23+00:00","description":"Atelier lin\u00e9aire de vos pi\u00e8ces industrielles : pour la coupe, la d\u00e9coupe, l'aboutage, l'usinage d'embouts et de vis \u00e0 billes","breadcrumb":{"@id":"https:\/\/rbk-lineaire.fr\/index.php\/atelier-lineaire\/#breadcrumb"},"inLanguage":"fr-FR","potentialAction":[{"@type":"ReadAction","target":["https:\/\/rbk-lineaire.fr\/index.php\/atelier-lineaire\/"]}]},{"@type":"BreadcrumbList","@id":"https:\/\/rbk-lineaire.fr\/index.php\/atelier-lineaire\/#breadcrumb","itemListElement":[{"@type":"ListItem","position":1,"name":"Accueil","item":"https:\/\/rbk-lineaire.fr\/"},{"@type":"ListItem","position":2,"name":"ATELIER LINEAIRE"}]},{"@type":"WebSite","@id":"https:\/\/rbk-lineaire.fr\/#website","url":"https:\/\/rbk-lineaire.fr\/","name":"RBK Lin\u00e9aire","description":"Site vitrine de tous types de guidage lin\u00e9aire","publisher":{"@id":"https:\/\/rbk-lineaire.fr\/#organization"},"potentialAction":[{"@type":"SearchAction","target":{"@type":"EntryPoint","urlTemplate":"https:\/\/rbk-lineaire.fr\/?s={search_term_string}"},"query-input":{"@type":"PropertyValueSpecification","valueRequired":true,"valueName":"search_term_string"}}],"inLanguage":"fr-FR"},{"@type":"Organization","@id":"https:\/\/rbk-lineaire.fr\/#organization","name":"RBK Lin\u00e9aire","url":"https:\/\/rbk-lineaire.fr\/","logo":{"@type":"ImageObject","inLanguage":"fr-FR","@id":"https:\/\/rbk-lineaire.fr\/#\/schema\/logo\/image\/","url":"https:\/\/rbk-lineaire.fr\/wp-content\/uploads\/2019\/04\/RBK-LINEAIRE-LOGOx152.png","contentUrl":"https:\/\/rbk-lineaire.fr\/wp-content\/uploads\/2019\/04\/RBK-LINEAIRE-LOGOx152.png","width":109,"height":152,"caption":"RBK Lin\u00e9aire"},"image":{"@id":"https:\/\/rbk-lineaire.fr\/#\/schema\/logo\/image\/"},"sameAs":["https:\/\/www.facebook.com\/RBKRoulements\/","https:\/\/www.linkedin.com\/company\/rbk-roulement\/"]}]}},"_links":{"self":[{"href":"https:\/\/rbk-lineaire.fr\/index.php\/wp-json\/wp\/v2\/pages\/56785","targetHints":{"allow":["GET"]}}],"collection":[{"href":"https:\/\/rbk-lineaire.fr\/index.php\/wp-json\/wp\/v2\/pages"}],"about":[{"href":"https:\/\/rbk-lineaire.fr\/index.php\/wp-json\/wp\/v2\/types\/page"}],"author":[{"embeddable":true,"href":"https:\/\/rbk-lineaire.fr\/index.php\/wp-json\/wp\/v2\/users\/1"}],"replies":[{"embeddable":true,"href":"https:\/\/rbk-lineaire.fr\/index.php\/wp-json\/wp\/v2\/comments?post=56785"}],"version-history":[{"count":16,"href":"https:\/\/rbk-lineaire.fr\/index.php\/wp-json\/wp\/v2\/pages\/56785\/revisions"}],"predecessor-version":[{"id":57349,"href":"https:\/\/rbk-lineaire.fr\/index.php\/wp-json\/wp\/v2\/pages\/56785\/revisions\/57349"}],"wp:attachment":[{"href":"https:\/\/rbk-lineaire.fr\/index.php\/wp-json\/wp\/v2\/media?parent=56785"}],"curies":[{"name":"wp","href":"https:\/\/api.w.org\/{rel}","templated":true}]}}