{"id":56872,"date":"2020-04-16T13:08:24","date_gmt":"2020-04-16T11:08:24","guid":{"rendered":"https:\/\/rbk-lineaire.fr\/?page_id=56872"},"modified":"2021-09-06T12:23:08","modified_gmt":"2021-09-06T10:23:08","slug":"catalogues","status":"publish","type":"page","link":"https:\/\/rbk-lineaire.fr\/index.php\/catalogues\/","title":{"rendered":"CATALOGUES"},"content":{"rendered":"<p>[vc_row][vc_column][vc_column_text]Catalogues de nos partenaires SCHAEFFLER, HIWIN, NADELLA, SFERAX, NIPPON BEARING, THK \u00e0 t\u00e9l\u00e9charger[\/vc_column_text][\/vc_column][\/vc_row][vc_row][vc_column][vc_empty_space][\/vc_column][\/vc_row][vc_row][vc_column width=\u00a0\u00bb1\/3&Prime;][vc_hoverbox image=\u00a0\u00bb56301&Prime; primary_title=\u00a0\u00bb\u00a0\u00bb hover_title=\u00a0\u00bb\u00a0\u00bb shape=\u00a0\u00bbsquare\u00a0\u00bb el_width=\u00a0\u00bb50&Prime;]<a href=\"https:\/\/www.schaeffler.fr\/content.schaeffler.fr\/fr\/news_media\/media_library\/index.jsp?filter=searchString:monorail&amp;tab=mediathek-pub&amp;uid=2774255&amp;subfilter=app:dc;language-vid:446;language-pub:all;mediatyp-pub:all;referencetyp-pub:0\" target=\"_blank\" rel=\"noopener noreferrer\">Retrouvez la gamme compl\u00e8te de notre partenaire principal<\/a><\/p>\n<p>[\/vc_hoverbox][\/vc_column][vc_column width=\u00a0\u00bb1\/3&Prime;][vc_hoverbox image=\u00a0\u00bb56305&Prime; primary_title=\u00a0\u00bb\u00a0\u00bb hover_title=\u00a0\u00bb\u00a0\u00bb shape=\u00a0\u00bbsquare\u00a0\u00bb el_width=\u00a0\u00bb50&Prime;]<a href=\"https:\/\/www.schaeffler.fr\/content.schaeffler.fr\/fr\/news_media\/media_library\/index.jsp?filter=searchString:arbre%20douilles&amp;tab=mediathek-pub&amp;uid=3322117&amp;subfilter=app:dc;language-vid:446;language-pub:all;mediatyp-pub:all;referencetyp-pub:0\" target=\"_blank\" rel=\"noopener noreferrer\">Retrouvez la gamme compl\u00e8te de notre partenaire<\/a>[\/vc_hoverbox][\/vc_column][vc_column width=\u00a0\u00bb1\/3&Prime;][vc_hoverbox image=\u00a0\u00bb56914&Prime; primary_title=\u00a0\u00bb\u00a0\u00bb hover_title=\u00a0\u00bb\u00a0\u00bb shape=\u00a0\u00bbsquare\u00a0\u00bb el_width=\u00a0\u00bb50&Prime;]<a href=\"https:\/\/rbk-lineaire.fr\/wp-content\/uploads\/2020\/04\/SFERAX-catalogue.pdf\" target=\"_blank\" rel=\"noopener noreferrer\">Retrouvez la gamme de notre partenaire<\/a>[\/vc_hoverbox][\/vc_column][\/vc_row][vc_row][vc_column][vc_empty_space][\/vc_column][\/vc_row][vc_row][vc_column width=\u00a0\u00bb1\/3&Prime;][vc_hoverbox image=\u00a0\u00bb56317&Prime; primary_title=\u00a0\u00bb\u00a0\u00bb hover_title=\u00a0\u00bb\u00a0\u00bb shape=\u00a0\u00bbsquare\u00a0\u00bb el_width=\u00a0\u00bb50&Prime;]<a href=\"https:\/\/www.nadella.fr\/fileadmin\/data\/FR\/Downloads\/Catalogues\/NADELLA_catalogue_guidagelineair_NL171_FR.pdf\" target=\"_blank\" rel=\"noopener noreferrer\">Retrouvez la gamme compl\u00e8te de notre partenaire<\/a>[\/vc_hoverbox][\/vc_column][vc_column width=\u00a0\u00bb1\/3&Prime;][vc_hoverbox image=\u00a0\u00bb56305&Prime; primary_title=\u00a0\u00bb\u00a0\u00bb hover_title=\u00a0\u00bb\u00a0\u00bb shape=\u00a0\u00bbsquare\u00a0\u00bb el_width=\u00a0\u00bb50&Prime;]<a href=\"https:\/\/www.schaeffler.fr\/content.schaeffler.fr\/fr\/news_media\/media_library\/index.jsp?filter=searchString:arbre%20douilles&amp;tab=mediathek-pub&amp;uid=3322117&amp;subfilter=app:dc;language-vid:446;language-pub:all;mediatyp-pub:all;referencetyp-pub:0\" target=\"_blank\" rel=\"noopener noreferrer\">Retrouvez la gamme compl\u00e8te de notre partenaire<\/a>[\/vc_hoverbox][\/vc_column][vc_column width=\u00a0\u00bb1\/3&Prime;][vc_hoverbox image=\u00a0\u00bb56553&Prime; primary_title=\u00a0\u00bb\u00a0\u00bb hover_title=\u00a0\u00bb\u00a0\u00bb shape=\u00a0\u00bbsquare\u00a0\u00bb el_width=\u00a0\u00bb50&Prime;]<a href=\"https:\/\/www.schaeffler.fr\/content.schaeffler.fr\/fr\/news_media\/media_library\/Downloadcenter-Detail-Page.jsp?id=2927942\" target=\"_blank\" rel=\"noopener noreferrer\">Retrouvez la gamme compl\u00e8te de notre partenaire<\/a><\/p>\n<p>[\/vc_hoverbox][\/vc_column][\/vc_row][vc_row][vc_column][vc_empty_space][\/vc_column][\/vc_row][vc_row][vc_column width=\u00a0\u00bb1\/3&Prime;][vc_hoverbox image=\u00a0\u00bb56327&Prime; primary_title=\u00a0\u00bb\u00a0\u00bb hover_title=\u00a0\u00bb\u00a0\u00bb shape=\u00a0\u00bbsquare\u00a0\u00bb el_width=\u00a0\u00bb50&Prime;]<a href=\"https:\/\/www.schaeffler.fr\/content.schaeffler.fr\/fr\/news_media\/media_library\/index.jsp?tab=mediathek-pub&amp;uid=86066562&amp;subfilter=app:dc;language-vid:446;language-pub:446;mediatyp-pub:all;referencetyp-pub:0\" target=\"_blank\" rel=\"noopener noreferrer\">Retrouvez la gamme compl\u00e8te de notre partenaire<\/a>[\/vc_hoverbox][\/vc_column][vc_column width=\u00a0\u00bb1\/3&Prime;][vc_hoverbox image=\u00a0\u00bb56326&Prime; primary_title=\u00a0\u00bb\u00a0\u00bb hover_title=\u00a0\u00bb\u00a0\u00bb shape=\u00a0\u00bbsquare\u00a0\u00bb el_width=\u00a0\u00bb50&Prime;]<a href=\"https:\/\/www.nadella.fr\/fileadmin\/data\/FR\/Downloads\/Catalogues\/NADELLA_catalogue_modules_lineaires_AXN171_EN.pdf\" target=\"_blank\" rel=\"noopener noreferrer\">Retrouvez la gamme compl\u00e8te de notre partenaire<\/a>[\/vc_hoverbox][\/vc_column][vc_column width=\u00a0\u00bb1\/3&Prime;][vc_hoverbox image=\u00a0\u00bb56903&Prime; primary_title=\u00a0\u00bb\u00a0\u00bb hover_title=\u00a0\u00bb\u00a0\u00bb shape=\u00a0\u00bbsquare\u00a0\u00bb el_width=\u00a0\u00bb50&Prime;]<a href=\"https:\/\/rbk-lineaire.fr\/wp-content\/uploads\/2020\/04\/NIPPONBEARING-arbres.pdf\" target=\"_blank\" rel=\"noopener noreferrer\">Retrouvez la gamme des arbres de notre partenaire<\/a>[\/vc_hoverbox][\/vc_column][\/vc_row][vc_row][vc_column][vc_empty_space][\/vc_column][\/vc_row][vc_row][vc_column width=\u00a0\u00bb1\/3&Prime;][vc_hoverbox image=\u00a0\u00bb56902&Prime; primary_title=\u00a0\u00bb\u00a0\u00bb hover_title=\u00a0\u00bb\u00a0\u00bb shape=\u00a0\u00bbsquare\u00a0\u00bb el_width=\u00a0\u00bb50&Prime;]<a href=\"https:\/\/rbk-lineaire.fr\/wp-content\/uploads\/2020\/04\/NIPPONBEARING-douilles-billes.pdf\" target=\"_blank\" rel=\"noopener noreferrer\">Retrouvez la gamme des douilles de notre partenaire<\/a>[\/vc_hoverbox][\/vc_column][vc_column width=\u00a0\u00bb1\/3&Prime;][vc_hoverbox image=\u00a0\u00bb56398&Prime; primary_title=\u00a0\u00bb\u00a0\u00bb hover_title=\u00a0\u00bb\u00a0\u00bb shape=\u00a0\u00bbsquare\u00a0\u00bb el_width=\u00a0\u00bb50&Prime;]<a href=\"https:\/\/www.nbcorporation.com\/products\/catalog\/\" target=\"_blank\" rel=\"noopener noreferrer\">Retrouvez la gamme compl\u00e8te de notre partenaire<\/a><\/p>\n<p>&nbsp;<\/p>\n<p>&nbsp;<\/p>\n<p>[\/vc_hoverbox][\/vc_column][vc_column width=\u00a0\u00bb1\/3&Prime;][vc_hoverbox image=\u00a0\u00bb57258&Prime; primary_title=\u00a0\u00bb\u00a0\u00bb hover_title=\u00a0\u00bb\u00a0\u00bb shape=\u00a0\u00bbsquare\u00a0\u00bb el_width=\u00a0\u00bb50&Prime;]<a href=\"https:\/\/rbk-lineaire.fr\/wp-content\/uploads\/2021\/09\/catalogue-hiwin-rbk-270821.pdf\" target=\"_blank\" rel=\"noopener\">Catalogue HIWIN au format PDF<\/a>[\/vc_hoverbox][\/vc_column][\/vc_row][vc_row][vc_column][vc_empty_space][\/vc_column][\/vc_row][vc_row][vc_column width=\u00a0\u00bb1\/3&Prime;][\/vc_column][vc_column width=\u00a0\u00bb1\/3&Prime;][\/vc_column][vc_column width=\u00a0\u00bb1\/3&Prime;][\/vc_column][\/vc_row][vc_row][vc_column][vc_empty_space][vc_column_text]Vous avez besoins de plus d\u2019informations ?<a href=\"http:\/\/rbk-lineaire.fr\/index.php\/pages\/contact\/contact\/\" target=\"_blank\" rel=\"noopener noreferrer\"> Contactez nous<\/a>[\/vc_column_text][\/vc_column][\/vc_row]<\/p>\n","protected":false},"excerpt":{"rendered":"<p>[vc_row][vc_column][vc_column_text]Catalogues de nos partenaires SCHAEFFLER, HIWIN, NADELLA, SFERAX, NIPPON BEARING, THK \u00e0 t\u00e9l\u00e9charger[\/vc_column_text][\/vc_column][\/vc_row][vc_row][vc_column][vc_empty_space][\/vc_column][\/vc_row][vc_row][vc_column width=\u00a0\u00bb1\/3&Prime;][vc_hoverbox image=\u00a0\u00bb56301&Prime; primary_title=\u00a0\u00bb\u00a0\u00bb hover_title=\u00a0\u00bb\u00a0\u00bb shape=\u00a0\u00bbsquare\u00a0\u00bb el_width=\u00a0\u00bb50&Prime;]Retrouvez la gamme compl\u00e8te de notre partenaire principal [\/vc_hoverbox][\/vc_column][vc_column width=\u00a0\u00bb1\/3&Prime;][vc_hoverbox image=\u00a0\u00bb56305&Prime; primary_title=\u00a0\u00bb\u00a0\u00bb hover_title=\u00a0\u00bb\u00a0\u00bb shape=\u00a0\u00bbsquare\u00a0\u00bb el_width=\u00a0\u00bb50&Prime;]Retrouvez la gamme compl\u00e8te de notre partenaire[\/vc_hoverbox][\/vc_column][vc_column width=\u00a0\u00bb1\/3&Prime;][vc_hoverbox image=\u00a0\u00bb56914&Prime; primary_title=\u00a0\u00bb\u00a0\u00bb hover_title=\u00a0\u00bb\u00a0\u00bb shape=\u00a0\u00bbsquare\u00a0\u00bb el_width=\u00a0\u00bb50&Prime;]Retrouvez la gamme de notre partenaire[\/vc_hoverbox][\/vc_column][\/vc_row][vc_row][vc_column][vc_empty_space][\/vc_column][\/vc_row][vc_row][vc_column width=\u00a0\u00bb1\/3&Prime;][vc_hoverbox image=\u00a0\u00bb56317&Prime; primary_title=\u00a0\u00bb\u00a0\u00bb hover_title=\u00a0\u00bb\u00a0\u00bb shape=\u00a0\u00bbsquare\u00a0\u00bb&hellip;<\/p>\n","protected":false},"author":1,"featured_media":0,"parent":0,"menu_order":0,"comment_status":"closed","ping_status":"closed","template":"","meta":{"footnotes":""},"class_list":["post-56872","page","type-page","status-publish","hentry","description-off"],"yoast_head":"<!-- This site is optimized with the Yoast SEO Premium plugin v26.5 (Yoast SEO v27.4) - https:\/\/yoast.com\/product\/yoast-seo-premium-wordpress\/ -->\n<title>Catalogues disponibles sur le site vitrine de RBK Lin\u00e9aire<\/title>\n<meta name=\"description\" content=\"Catalogues de nos partenaires comme SCHAEFFLER, THK, NADELLA, NIPPON BEARING \u00e0 retrouver ici sur notre site internet.\" \/>\n<meta name=\"robots\" content=\"index, follow, max-snippet:-1, max-image-preview:large, max-video-preview:-1\" \/>\n<link rel=\"canonical\" href=\"https:\/\/rbk-lineaire.fr\/index.php\/catalogues\/\" \/>\n<meta property=\"og:locale\" content=\"fr_FR\" \/>\n<meta property=\"og:type\" content=\"article\" \/>\n<meta property=\"og:title\" content=\"CATALOGUES\" \/>\n<meta property=\"og:description\" content=\"Catalogues de nos partenaires comme SCHAEFFLER, THK, NADELLA, NIPPON BEARING \u00e0 retrouver ici sur notre site internet.\" \/>\n<meta property=\"og:url\" content=\"https:\/\/rbk-lineaire.fr\/index.php\/catalogues\/\" \/>\n<meta property=\"og:site_name\" content=\"RBK Lin\u00e9aire\" \/>\n<meta property=\"article:publisher\" content=\"https:\/\/www.facebook.com\/RBKRoulements\/\" \/>\n<meta property=\"article:modified_time\" content=\"2021-09-06T10:23:08+00:00\" \/>\n<meta name=\"twitter:card\" content=\"summary_large_image\" \/>\n<meta name=\"twitter:label1\" content=\"Dur\u00e9e de lecture estim\u00e9e\" \/>\n\t<meta name=\"twitter:data1\" content=\"1 minute\" \/>\n<script type=\"application\/ld+json\" class=\"yoast-schema-graph\">{\"@context\":\"https:\\\/\\\/schema.org\",\"@graph\":[{\"@type\":\"WebPage\",\"@id\":\"https:\\\/\\\/rbk-lineaire.fr\\\/index.php\\\/catalogues\\\/\",\"url\":\"https:\\\/\\\/rbk-lineaire.fr\\\/index.php\\\/catalogues\\\/\",\"name\":\"Catalogues disponibles sur le site vitrine de RBK Lin\u00e9aire\",\"isPartOf\":{\"@id\":\"https:\\\/\\\/rbk-lineaire.fr\\\/#website\"},\"datePublished\":\"2020-04-16T11:08:24+00:00\",\"dateModified\":\"2021-09-06T10:23:08+00:00\",\"description\":\"Catalogues de nos partenaires comme SCHAEFFLER, THK, NADELLA, NIPPON BEARING \u00e0 retrouver ici sur notre site internet.\",\"breadcrumb\":{\"@id\":\"https:\\\/\\\/rbk-lineaire.fr\\\/index.php\\\/catalogues\\\/#breadcrumb\"},\"inLanguage\":\"fr-FR\",\"potentialAction\":[{\"@type\":\"ReadAction\",\"target\":[\"https:\\\/\\\/rbk-lineaire.fr\\\/index.php\\\/catalogues\\\/\"]}]},{\"@type\":\"BreadcrumbList\",\"@id\":\"https:\\\/\\\/rbk-lineaire.fr\\\/index.php\\\/catalogues\\\/#breadcrumb\",\"itemListElement\":[{\"@type\":\"ListItem\",\"position\":1,\"name\":\"Accueil\",\"item\":\"https:\\\/\\\/rbk-lineaire.fr\\\/\"},{\"@type\":\"ListItem\",\"position\":2,\"name\":\"CATALOGUES\"}]},{\"@type\":\"WebSite\",\"@id\":\"https:\\\/\\\/rbk-lineaire.fr\\\/#website\",\"url\":\"https:\\\/\\\/rbk-lineaire.fr\\\/\",\"name\":\"RBK Lin\u00e9aire\",\"description\":\"Site vitrine de tous types de guidage lin\u00e9aire\",\"publisher\":{\"@id\":\"https:\\\/\\\/rbk-lineaire.fr\\\/#organization\"},\"potentialAction\":[{\"@type\":\"SearchAction\",\"target\":{\"@type\":\"EntryPoint\",\"urlTemplate\":\"https:\\\/\\\/rbk-lineaire.fr\\\/?s={search_term_string}\"},\"query-input\":{\"@type\":\"PropertyValueSpecification\",\"valueRequired\":true,\"valueName\":\"search_term_string\"}}],\"inLanguage\":\"fr-FR\"},{\"@type\":\"Organization\",\"@id\":\"https:\\\/\\\/rbk-lineaire.fr\\\/#organization\",\"name\":\"RBK Lin\u00e9aire\",\"url\":\"https:\\\/\\\/rbk-lineaire.fr\\\/\",\"logo\":{\"@type\":\"ImageObject\",\"inLanguage\":\"fr-FR\",\"@id\":\"https:\\\/\\\/rbk-lineaire.fr\\\/#\\\/schema\\\/logo\\\/image\\\/\",\"url\":\"https:\\\/\\\/rbk-lineaire.fr\\\/wp-content\\\/uploads\\\/2019\\\/04\\\/RBK-LINEAIRE-LOGOx152.png\",\"contentUrl\":\"https:\\\/\\\/rbk-lineaire.fr\\\/wp-content\\\/uploads\\\/2019\\\/04\\\/RBK-LINEAIRE-LOGOx152.png\",\"width\":109,\"height\":152,\"caption\":\"RBK Lin\u00e9aire\"},\"image\":{\"@id\":\"https:\\\/\\\/rbk-lineaire.fr\\\/#\\\/schema\\\/logo\\\/image\\\/\"},\"sameAs\":[\"https:\\\/\\\/www.facebook.com\\\/RBKRoulements\\\/\",\"https:\\\/\\\/www.linkedin.com\\\/company\\\/rbk-roulement\\\/\"]}]}<\/script>\n<!-- \/ Yoast SEO Premium plugin. -->","yoast_head_json":{"title":"Catalogues disponibles sur le site vitrine de RBK Lin\u00e9aire","description":"Catalogues de nos partenaires comme SCHAEFFLER, THK, NADELLA, NIPPON BEARING \u00e0 retrouver ici sur notre site internet.","robots":{"index":"index","follow":"follow","max-snippet":"max-snippet:-1","max-image-preview":"max-image-preview:large","max-video-preview":"max-video-preview:-1"},"canonical":"https:\/\/rbk-lineaire.fr\/index.php\/catalogues\/","og_locale":"fr_FR","og_type":"article","og_title":"CATALOGUES","og_description":"Catalogues de nos partenaires comme SCHAEFFLER, THK, NADELLA, NIPPON BEARING \u00e0 retrouver ici sur notre site internet.","og_url":"https:\/\/rbk-lineaire.fr\/index.php\/catalogues\/","og_site_name":"RBK Lin\u00e9aire","article_publisher":"https:\/\/www.facebook.com\/RBKRoulements\/","article_modified_time":"2021-09-06T10:23:08+00:00","twitter_card":"summary_large_image","twitter_misc":{"Dur\u00e9e de lecture estim\u00e9e":"1 minute"},"schema":{"@context":"https:\/\/schema.org","@graph":[{"@type":"WebPage","@id":"https:\/\/rbk-lineaire.fr\/index.php\/catalogues\/","url":"https:\/\/rbk-lineaire.fr\/index.php\/catalogues\/","name":"Catalogues disponibles sur le site vitrine de RBK Lin\u00e9aire","isPartOf":{"@id":"https:\/\/rbk-lineaire.fr\/#website"},"datePublished":"2020-04-16T11:08:24+00:00","dateModified":"2021-09-06T10:23:08+00:00","description":"Catalogues de nos partenaires comme SCHAEFFLER, THK, NADELLA, NIPPON BEARING \u00e0 retrouver ici sur notre site internet.","breadcrumb":{"@id":"https:\/\/rbk-lineaire.fr\/index.php\/catalogues\/#breadcrumb"},"inLanguage":"fr-FR","potentialAction":[{"@type":"ReadAction","target":["https:\/\/rbk-lineaire.fr\/index.php\/catalogues\/"]}]},{"@type":"BreadcrumbList","@id":"https:\/\/rbk-lineaire.fr\/index.php\/catalogues\/#breadcrumb","itemListElement":[{"@type":"ListItem","position":1,"name":"Accueil","item":"https:\/\/rbk-lineaire.fr\/"},{"@type":"ListItem","position":2,"name":"CATALOGUES"}]},{"@type":"WebSite","@id":"https:\/\/rbk-lineaire.fr\/#website","url":"https:\/\/rbk-lineaire.fr\/","name":"RBK Lin\u00e9aire","description":"Site vitrine de tous types de guidage lin\u00e9aire","publisher":{"@id":"https:\/\/rbk-lineaire.fr\/#organization"},"potentialAction":[{"@type":"SearchAction","target":{"@type":"EntryPoint","urlTemplate":"https:\/\/rbk-lineaire.fr\/?s={search_term_string}"},"query-input":{"@type":"PropertyValueSpecification","valueRequired":true,"valueName":"search_term_string"}}],"inLanguage":"fr-FR"},{"@type":"Organization","@id":"https:\/\/rbk-lineaire.fr\/#organization","name":"RBK Lin\u00e9aire","url":"https:\/\/rbk-lineaire.fr\/","logo":{"@type":"ImageObject","inLanguage":"fr-FR","@id":"https:\/\/rbk-lineaire.fr\/#\/schema\/logo\/image\/","url":"https:\/\/rbk-lineaire.fr\/wp-content\/uploads\/2019\/04\/RBK-LINEAIRE-LOGOx152.png","contentUrl":"https:\/\/rbk-lineaire.fr\/wp-content\/uploads\/2019\/04\/RBK-LINEAIRE-LOGOx152.png","width":109,"height":152,"caption":"RBK Lin\u00e9aire"},"image":{"@id":"https:\/\/rbk-lineaire.fr\/#\/schema\/logo\/image\/"},"sameAs":["https:\/\/www.facebook.com\/RBKRoulements\/","https:\/\/www.linkedin.com\/company\/rbk-roulement\/"]}]}},"_links":{"self":[{"href":"https:\/\/rbk-lineaire.fr\/index.php\/wp-json\/wp\/v2\/pages\/56872","targetHints":{"allow":["GET"]}}],"collection":[{"href":"https:\/\/rbk-lineaire.fr\/index.php\/wp-json\/wp\/v2\/pages"}],"about":[{"href":"https:\/\/rbk-lineaire.fr\/index.php\/wp-json\/wp\/v2\/types\/page"}],"author":[{"embeddable":true,"href":"https:\/\/rbk-lineaire.fr\/index.php\/wp-json\/wp\/v2\/users\/1"}],"replies":[{"embeddable":true,"href":"https:\/\/rbk-lineaire.fr\/index.php\/wp-json\/wp\/v2\/comments?post=56872"}],"version-history":[{"count":13,"href":"https:\/\/rbk-lineaire.fr\/index.php\/wp-json\/wp\/v2\/pages\/56872\/revisions"}],"predecessor-version":[{"id":57281,"href":"https:\/\/rbk-lineaire.fr\/index.php\/wp-json\/wp\/v2\/pages\/56872\/revisions\/57281"}],"wp:attachment":[{"href":"https:\/\/rbk-lineaire.fr\/index.php\/wp-json\/wp\/v2\/media?parent=56872"}],"curies":[{"name":"wp","href":"https:\/\/api.w.org\/{rel}","templated":true}]}}