{"id":57189,"date":"2020-10-23T17:03:50","date_gmt":"2020-10-23T15:03:50","guid":{"rendered":"https:\/\/rbk-lineaire.fr\/?page_id=57189"},"modified":"2023-06-08T12:21:04","modified_gmt":"2023-06-08T10:21:04","slug":"plaquette","status":"publish","type":"page","link":"https:\/\/rbk-lineaire.fr\/index.php\/plaquette\/","title":{"rendered":"Plaquette"},"content":{"rendered":"<p>[vc_row][vc_column][vc_column_text]<\/p>\n<div style=\"text-align: center;\">\n<h3 style=\"text-align: left;\"><strong>Plaquettes de pr\u00e9sentation<\/strong><\/h3>\n<\/div>\n<p>[\/vc_column_text][vc_empty_space][vc_column_text]<\/p>\n<div style=\"text-align: center;\">\n<div style=\"text-align: center;\">\n<h3 style=\"text-align: left;\"><strong>RBK Lin\u00e9aire<\/strong><\/h3>\n<\/div>\n<p>[\/vc_column_text][vc_empty_space][vc_column_text]Plaquette de pr\u00e9sentation de la soci\u00e9t\u00e9 RBK Lin\u00e9aire. Notre \u00e9quipe met \u00e0 votre service ses 20 ann\u00e9es d\u2019exp\u00e9rience dans le guidage lin\u00e9aire, les vis \u00e0 billes et les modules. R\u00e9activit\u00e9 assur\u00e9e gr\u00e2ce \u00e0 notre stock important de pi\u00e8ces, notre partenaire privil\u00e9gi\u00e9e Schaeffler et<br \/>\naux autres acteurs reconnus du march\u00e9.<br \/>\nUn service technique de qualit\u00e9 via notre atelier pour la mise \u00e0 longueur et l\u2019aboutage des rails, ainsi que la coupe et la transformation des arbres de guidage de pr\u00e9cision.<\/p>\n<p style=\"text-align: center;\"><a href=\"https:\/\/rbk.fr\/wp-content\/uploads\/2023\/03\/plaquette-rbk-lineaire-genco-15-03-23-hd.pdf\" target=\"_blank\" rel=\"noopener\">Ouvrir la plaquette au format PDF<\/a><\/p>\n<p>[\/vc_column_text][vc_column_text]<\/p>\n<div style=\"text-align: center;\">\n<div style=\"margin: 8px 0px 4px;\">Plaquette RBK Lin\u00e9aire<\/div>\n<\/div>\n<p>[\/vc_column_text][vc_raw_html]JTNDZGl2JTIwc3R5bGUlM0QlMjJ0ZXh0LWFsaWduJTNBY2VudGVyJTNCJTIyJTNFJTNDZGl2JTIwc3R5bGUlM0QlMjJtYXJnaW4lM0E4cHglMjAwcHglMjA0cHglM0IlMjIlM0UlM0NhJTIwaHJlZiUzRCUyMmh0dHBzJTNBJTJGJTJGd3d3LmNhbGFtZW8uY29tJTJGYm9va3MlMkYwMDY0Njg1NTkyZTJhNGVkYjdlZjglMjIlMjB0YXJnZXQlM0QlMjJfYmxhbmslMjIlM0VQbGFxdWV0dGUlMjBSQkslMjBMaW5lYWlyZSUyMEdlbmNvJTNDJTJGYSUzRSUzQyUyRmRpdiUzRSUzQ2lmcmFtZSUyMHNyYyUzRCUyMiUyRiUyRnYuY2FsYW1lby5jb20lMkYlM0Zia2NvZGUlM0QwMDY0Njg1NTkyZTJhNGVkYjdlZjglMjZtb2RlJTNEbWluaSUyMiUyMHdpZHRoJTNEJTIyNDgwJTIyJTIwaGVpZ2h0JTNEJTIyMzAwJTIyJTIwZnJhbWVib3JkZXIlM0QlMjIwJTIyJTIwc2Nyb2xsaW5nJTNEJTIybm8lMjIlMjBhbGxvd3RyYW5zcGFyZW5jeSUyMGFsbG93ZnVsbHNjcmVlbiUyMHN0eWxlJTNEJTIybWFyZ2luJTNBMCUyMGF1dG8lM0IlMjIlM0UlM0MlMkZpZnJhbWUlM0UlM0NkaXYlMjBzdHlsZSUzRCUyMm1hcmdpbiUzQTRweCUyMDBweCUyMDhweCUzQiUyMiUzRSUzQ2ElMjBocmVmJTNEJTIyaHR0cCUzQSUyRiUyRnd3dy5jYWxhbWVvLmNvbSUyRiUyMiUyMHRhcmdldCUzRCUyMl9ibGFuayUyMiUzRSUzQyUyRmRpdiUzRSUzQyUyRmRpdiUzRQ==[\/vc_raw_html][vc_empty_space][vc_empty_space][\/vc_column][\/vc_row][vc_column][vc_column_text]<a href=\"https:\/\/rbk.fr\/plaquette\/\" target=\"_blank\" rel=\"noopener\">Nos autres plaquettes sont \u00e0 retrouver sur notre site :\u00a0<\/a><\/p>\n<ul>\n<li><a href=\"https:\/\/rbk.fr\/plaquette\/\" target=\"_blank\" rel=\"noopener\">RBK ROULEMENTS<\/a><\/li>\n<li><a href=\"https:\/\/rbk.fr\/plaquette-export\/\" target=\"_blank\" rel=\"noopener\">RBK EXPORT<\/a><\/li>\n<\/ul>\n<p>[\/vc_column_text][\/vc_column]<\/p>\n<\/div>\n","protected":false},"excerpt":{"rendered":"<p>[vc_row][vc_column][vc_column_text] Plaquettes de pr\u00e9sentation [\/vc_column_text][vc_empty_space][vc_column_text] RBK Lin\u00e9aire [\/vc_column_text][vc_empty_space][vc_column_text]Plaquette de pr\u00e9sentation de la soci\u00e9t\u00e9 RBK Lin\u00e9aire. Notre \u00e9quipe met \u00e0 votre service ses 20 ann\u00e9es d\u2019exp\u00e9rience dans le guidage lin\u00e9aire, les vis \u00e0 billes et les modules. R\u00e9activit\u00e9 assur\u00e9e gr\u00e2ce \u00e0 notre stock important de pi\u00e8ces, notre partenaire privil\u00e9gi\u00e9e Schaeffler et aux autres acteurs reconnus du&hellip;<\/p>\n","protected":false},"author":1,"featured_media":0,"parent":0,"menu_order":0,"comment_status":"closed","ping_status":"closed","template":"","meta":{"footnotes":""},"class_list":["post-57189","page","type-page","status-publish","hentry","description-off"],"yoast_head":"<!-- This site is optimized with the Yoast SEO Premium plugin v26.5 (Yoast SEO v27.5) - https:\/\/yoast.com\/product\/yoast-seo-premium-wordpress\/ -->\n<title>Plaquette de pr\u00e9sentation - RBK Lin\u00e9aire - Guidage Lin\u00e9aire<\/title>\n<meta name=\"description\" content=\"Plaquette de pr\u00e9sentation de la soci\u00e9t\u00e9 RBK Roulements et de RBK Lin\u00e9aire. Les marques propos\u00e9es, les services ...\" \/>\n<meta name=\"robots\" content=\"index, follow, max-snippet:-1, max-image-preview:large, max-video-preview:-1\" \/>\n<link rel=\"canonical\" href=\"https:\/\/rbk-lineaire.fr\/index.php\/plaquette\/\" \/>\n<meta property=\"og:locale\" content=\"fr_FR\" \/>\n<meta property=\"og:type\" content=\"article\" \/>\n<meta property=\"og:title\" content=\"Plaquette\" \/>\n<meta property=\"og:description\" content=\"Plaquette de pr\u00e9sentation de la soci\u00e9t\u00e9 RBK Roulements et de RBK Lin\u00e9aire. Les marques propos\u00e9es, les services ...\" \/>\n<meta property=\"og:url\" content=\"https:\/\/rbk-lineaire.fr\/index.php\/plaquette\/\" \/>\n<meta property=\"og:site_name\" content=\"RBK Lin\u00e9aire\" \/>\n<meta property=\"article:publisher\" content=\"https:\/\/www.facebook.com\/RBKRoulements\/\" \/>\n<meta property=\"article:modified_time\" content=\"2023-06-08T10:21:04+00:00\" \/>\n<meta name=\"twitter:card\" content=\"summary_large_image\" \/>\n<meta name=\"twitter:label1\" content=\"Dur\u00e9e de lecture estim\u00e9e\" \/>\n\t<meta name=\"twitter:data1\" content=\"1 minute\" \/>\n<script type=\"application\/ld+json\" class=\"yoast-schema-graph\">{\"@context\":\"https:\\\/\\\/schema.org\",\"@graph\":[{\"@type\":\"WebPage\",\"@id\":\"https:\\\/\\\/rbk-lineaire.fr\\\/index.php\\\/plaquette\\\/\",\"url\":\"https:\\\/\\\/rbk-lineaire.fr\\\/index.php\\\/plaquette\\\/\",\"name\":\"Plaquette de pr\u00e9sentation - RBK Lin\u00e9aire - Guidage Lin\u00e9aire\",\"isPartOf\":{\"@id\":\"https:\\\/\\\/rbk-lineaire.fr\\\/#website\"},\"datePublished\":\"2020-10-23T15:03:50+00:00\",\"dateModified\":\"2023-06-08T10:21:04+00:00\",\"description\":\"Plaquette de pr\u00e9sentation de la soci\u00e9t\u00e9 RBK Roulements et de RBK Lin\u00e9aire. Les marques propos\u00e9es, les services ...\",\"breadcrumb\":{\"@id\":\"https:\\\/\\\/rbk-lineaire.fr\\\/index.php\\\/plaquette\\\/#breadcrumb\"},\"inLanguage\":\"fr-FR\",\"potentialAction\":[{\"@type\":\"ReadAction\",\"target\":[\"https:\\\/\\\/rbk-lineaire.fr\\\/index.php\\\/plaquette\\\/\"]}]},{\"@type\":\"BreadcrumbList\",\"@id\":\"https:\\\/\\\/rbk-lineaire.fr\\\/index.php\\\/plaquette\\\/#breadcrumb\",\"itemListElement\":[{\"@type\":\"ListItem\",\"position\":1,\"name\":\"Accueil\",\"item\":\"https:\\\/\\\/rbk-lineaire.fr\\\/\"},{\"@type\":\"ListItem\",\"position\":2,\"name\":\"Plaquette\"}]},{\"@type\":\"WebSite\",\"@id\":\"https:\\\/\\\/rbk-lineaire.fr\\\/#website\",\"url\":\"https:\\\/\\\/rbk-lineaire.fr\\\/\",\"name\":\"RBK Lin\u00e9aire\",\"description\":\"Site vitrine de tous types de guidage lin\u00e9aire\",\"publisher\":{\"@id\":\"https:\\\/\\\/rbk-lineaire.fr\\\/#organization\"},\"potentialAction\":[{\"@type\":\"SearchAction\",\"target\":{\"@type\":\"EntryPoint\",\"urlTemplate\":\"https:\\\/\\\/rbk-lineaire.fr\\\/?s={search_term_string}\"},\"query-input\":{\"@type\":\"PropertyValueSpecification\",\"valueRequired\":true,\"valueName\":\"search_term_string\"}}],\"inLanguage\":\"fr-FR\"},{\"@type\":\"Organization\",\"@id\":\"https:\\\/\\\/rbk-lineaire.fr\\\/#organization\",\"name\":\"RBK Lin\u00e9aire\",\"url\":\"https:\\\/\\\/rbk-lineaire.fr\\\/\",\"logo\":{\"@type\":\"ImageObject\",\"inLanguage\":\"fr-FR\",\"@id\":\"https:\\\/\\\/rbk-lineaire.fr\\\/#\\\/schema\\\/logo\\\/image\\\/\",\"url\":\"https:\\\/\\\/rbk-lineaire.fr\\\/wp-content\\\/uploads\\\/2019\\\/04\\\/RBK-LINEAIRE-LOGOx152.png\",\"contentUrl\":\"https:\\\/\\\/rbk-lineaire.fr\\\/wp-content\\\/uploads\\\/2019\\\/04\\\/RBK-LINEAIRE-LOGOx152.png\",\"width\":109,\"height\":152,\"caption\":\"RBK Lin\u00e9aire\"},\"image\":{\"@id\":\"https:\\\/\\\/rbk-lineaire.fr\\\/#\\\/schema\\\/logo\\\/image\\\/\"},\"sameAs\":[\"https:\\\/\\\/www.facebook.com\\\/RBKRoulements\\\/\",\"https:\\\/\\\/www.linkedin.com\\\/company\\\/rbk-roulement\\\/\"]}]}<\/script>\n<!-- \/ Yoast SEO Premium plugin. -->","yoast_head_json":{"title":"Plaquette de pr\u00e9sentation - RBK Lin\u00e9aire - Guidage Lin\u00e9aire","description":"Plaquette de pr\u00e9sentation de la soci\u00e9t\u00e9 RBK Roulements et de RBK Lin\u00e9aire. Les marques propos\u00e9es, les services ...","robots":{"index":"index","follow":"follow","max-snippet":"max-snippet:-1","max-image-preview":"max-image-preview:large","max-video-preview":"max-video-preview:-1"},"canonical":"https:\/\/rbk-lineaire.fr\/index.php\/plaquette\/","og_locale":"fr_FR","og_type":"article","og_title":"Plaquette","og_description":"Plaquette de pr\u00e9sentation de la soci\u00e9t\u00e9 RBK Roulements et de RBK Lin\u00e9aire. Les marques propos\u00e9es, les services ...","og_url":"https:\/\/rbk-lineaire.fr\/index.php\/plaquette\/","og_site_name":"RBK Lin\u00e9aire","article_publisher":"https:\/\/www.facebook.com\/RBKRoulements\/","article_modified_time":"2023-06-08T10:21:04+00:00","twitter_card":"summary_large_image","twitter_misc":{"Dur\u00e9e de lecture estim\u00e9e":"1 minute"},"schema":{"@context":"https:\/\/schema.org","@graph":[{"@type":"WebPage","@id":"https:\/\/rbk-lineaire.fr\/index.php\/plaquette\/","url":"https:\/\/rbk-lineaire.fr\/index.php\/plaquette\/","name":"Plaquette de pr\u00e9sentation - RBK Lin\u00e9aire - Guidage Lin\u00e9aire","isPartOf":{"@id":"https:\/\/rbk-lineaire.fr\/#website"},"datePublished":"2020-10-23T15:03:50+00:00","dateModified":"2023-06-08T10:21:04+00:00","description":"Plaquette de pr\u00e9sentation de la soci\u00e9t\u00e9 RBK Roulements et de RBK Lin\u00e9aire. Les marques propos\u00e9es, les services ...","breadcrumb":{"@id":"https:\/\/rbk-lineaire.fr\/index.php\/plaquette\/#breadcrumb"},"inLanguage":"fr-FR","potentialAction":[{"@type":"ReadAction","target":["https:\/\/rbk-lineaire.fr\/index.php\/plaquette\/"]}]},{"@type":"BreadcrumbList","@id":"https:\/\/rbk-lineaire.fr\/index.php\/plaquette\/#breadcrumb","itemListElement":[{"@type":"ListItem","position":1,"name":"Accueil","item":"https:\/\/rbk-lineaire.fr\/"},{"@type":"ListItem","position":2,"name":"Plaquette"}]},{"@type":"WebSite","@id":"https:\/\/rbk-lineaire.fr\/#website","url":"https:\/\/rbk-lineaire.fr\/","name":"RBK Lin\u00e9aire","description":"Site vitrine de tous types de guidage lin\u00e9aire","publisher":{"@id":"https:\/\/rbk-lineaire.fr\/#organization"},"potentialAction":[{"@type":"SearchAction","target":{"@type":"EntryPoint","urlTemplate":"https:\/\/rbk-lineaire.fr\/?s={search_term_string}"},"query-input":{"@type":"PropertyValueSpecification","valueRequired":true,"valueName":"search_term_string"}}],"inLanguage":"fr-FR"},{"@type":"Organization","@id":"https:\/\/rbk-lineaire.fr\/#organization","name":"RBK Lin\u00e9aire","url":"https:\/\/rbk-lineaire.fr\/","logo":{"@type":"ImageObject","inLanguage":"fr-FR","@id":"https:\/\/rbk-lineaire.fr\/#\/schema\/logo\/image\/","url":"https:\/\/rbk-lineaire.fr\/wp-content\/uploads\/2019\/04\/RBK-LINEAIRE-LOGOx152.png","contentUrl":"https:\/\/rbk-lineaire.fr\/wp-content\/uploads\/2019\/04\/RBK-LINEAIRE-LOGOx152.png","width":109,"height":152,"caption":"RBK Lin\u00e9aire"},"image":{"@id":"https:\/\/rbk-lineaire.fr\/#\/schema\/logo\/image\/"},"sameAs":["https:\/\/www.facebook.com\/RBKRoulements\/","https:\/\/www.linkedin.com\/company\/rbk-roulement\/"]}]}},"_links":{"self":[{"href":"https:\/\/rbk-lineaire.fr\/index.php\/wp-json\/wp\/v2\/pages\/57189","targetHints":{"allow":["GET"]}}],"collection":[{"href":"https:\/\/rbk-lineaire.fr\/index.php\/wp-json\/wp\/v2\/pages"}],"about":[{"href":"https:\/\/rbk-lineaire.fr\/index.php\/wp-json\/wp\/v2\/types\/page"}],"author":[{"embeddable":true,"href":"https:\/\/rbk-lineaire.fr\/index.php\/wp-json\/wp\/v2\/users\/1"}],"replies":[{"embeddable":true,"href":"https:\/\/rbk-lineaire.fr\/index.php\/wp-json\/wp\/v2\/comments?post=57189"}],"version-history":[{"count":10,"href":"https:\/\/rbk-lineaire.fr\/index.php\/wp-json\/wp\/v2\/pages\/57189\/revisions"}],"predecessor-version":[{"id":57353,"href":"https:\/\/rbk-lineaire.fr\/index.php\/wp-json\/wp\/v2\/pages\/57189\/revisions\/57353"}],"wp:attachment":[{"href":"https:\/\/rbk-lineaire.fr\/index.php\/wp-json\/wp\/v2\/media?parent=57189"}],"curies":[{"name":"wp","href":"https:\/\/api.w.org\/{rel}","templated":true}]}}